{"id":5512,"date":"2025-01-10T10:48:11","date_gmt":"2025-01-10T10:48:11","guid":{"rendered":"https:\/\/aie-mag.com\/?post_type=product&#038;p=5512"},"modified":"2025-01-10T10:50:28","modified_gmt":"2025-01-10T10:50:28","slug":"side-note","status":"publish","type":"product","link":"https:\/\/aie-mag.com\/it\/shop\/art-culture\/side-note\/","title":{"rendered":"SIDE &#8211; NOTE"},"content":{"rendered":"<p>Side Note \u00e8 una nuova rivista semestrale cartacea concepita come una rivista da tavolino. Copertina rigida, grande formato e ricca di fotografie, le sue pagine promuovono moda, design, viaggi, bellezza e il lavoro di talenti entusiasmanti. In un mondo inarrestabile, documentato alla velocit\u00e0 della luce, questa rivista \u00e8 concepita per vivere come un libro da tavolino che speriamo i lettori consulteranno pi\u00f9 volte perch\u00e9 troveranno valore nelle pagine curate. Le tendenze vengono sostituite dallo stile, l&#8217;ambizioso diventa un viaggio guidato e la rilevanza \u00e8 definita dal potere duraturo della creativit\u00e0 e della conversazione.<\/p>\n","protected":false},"excerpt":{"rendered":"<p>Side Note \u00e8 una nuova rivista semestrale cartacea concepita come una rivista da tavolino. Copertina rigida, grande formato e ricca di fotografie, le sue pagine promuovono moda, design, viaggi, bellezza e il lavoro di talenti entusiasmanti. In un mondo inarrestabile, documentato alla velocit\u00e0 della luce, questa rivista \u00e8 concepita per vivere come un libro da [&hellip;]<\/p>\n","protected":false},"featured_media":5537,"template":"","meta":[],"product_brand":[],"product_cat":[15],"product_tag":[],"class_list":{"0":"post-5512","1":"product","2":"type-product","3":"status-publish","4":"has-post-thumbnail","6":"product_cat-art-culture","8":"first","9":"instock","10":"shipping-taxable","11":"product-type-simple"},"yoast_head":"<!-- This site is optimized with the Yoast SEO plugin v27.5 - https:\/\/yoast.com\/product\/yoast-seo-wordpress\/ -->\n<title>SIDE - NOTE - AIE - Agenzia Italiana di Esportazione<\/title>\n<meta name=\"robots\" content=\"index, follow, max-snippet:-1, max-image-preview:large, max-video-preview:-1\" \/>\n<link rel=\"canonical\" href=\"https:\/\/aie-mag.com\/it\/shop\/art-culture\/side-note\/\" \/>\n<meta property=\"og:locale\" content=\"it_IT\" \/>\n<meta property=\"og:type\" content=\"article\" \/>\n<meta property=\"og:title\" content=\"SIDE - NOTE - AIE - Agenzia Italiana di Esportazione\" \/>\n<meta property=\"og:description\" content=\"Side Note \u00e8 una nuova rivista semestrale cartacea concepita come una rivista da tavolino. Copertina rigida, grande formato e ricca di fotografie, le sue pagine promuovono moda, design, viaggi, bellezza e il lavoro di talenti entusiasmanti. In un mondo inarrestabile, documentato alla velocit\u00e0 della luce, questa rivista \u00e8 concepita per vivere come un libro da [&hellip;]\" \/>\n<meta property=\"og:url\" content=\"https:\/\/aie-mag.com\/it\/shop\/art-culture\/side-note\/\" \/>\n<meta property=\"og:site_name\" content=\"AIE - Agenzia Italiana di Esportazione\" \/>\n<meta property=\"article:modified_time\" content=\"2025-01-10T10:50:28+00:00\" \/>\n<meta property=\"og:image\" content=\"https:\/\/aie-mag.com\/wp-content\/uploads\/2025\/01\/SIDE-NOTE.jpg\" \/>\n\t<meta property=\"og:image:width\" content=\"960\" \/>\n\t<meta property=\"og:image:height\" content=\"1265\" \/>\n\t<meta property=\"og:image:type\" content=\"image\/jpeg\" \/>\n<meta name=\"twitter:card\" content=\"summary_large_image\" \/>\n<meta name=\"twitter:label1\" content=\"Tempo di lettura stimato\" \/>\n\t<meta name=\"twitter:data1\" content=\"1 minuto\" \/>\n<script type=\"application\/ld+json\" class=\"yoast-schema-graph\">{\"@context\":\"https:\\\/\\\/schema.org\",\"@graph\":[{\"@type\":\"WebPage\",\"@id\":\"https:\\\/\\\/aie-mag.com\\\/it\\\/shop\\\/art-culture\\\/side-note\\\/\",\"url\":\"https:\\\/\\\/aie-mag.com\\\/it\\\/shop\\\/art-culture\\\/side-note\\\/\",\"name\":\"SIDE - NOTE - AIE - Agenzia Italiana di Esportazione\",\"isPartOf\":{\"@id\":\"https:\\\/\\\/aie-mag.com\\\/it\\\/#website\"},\"primaryImageOfPage\":{\"@id\":\"https:\\\/\\\/aie-mag.com\\\/it\\\/shop\\\/art-culture\\\/side-note\\\/#primaryimage\"},\"image\":{\"@id\":\"https:\\\/\\\/aie-mag.com\\\/it\\\/shop\\\/art-culture\\\/side-note\\\/#primaryimage\"},\"thumbnailUrl\":\"https:\\\/\\\/aie-mag.com\\\/wp-content\\\/uploads\\\/2025\\\/01\\\/SIDE-NOTE.jpg\",\"datePublished\":\"2025-01-10T10:48:11+00:00\",\"dateModified\":\"2025-01-10T10:50:28+00:00\",\"breadcrumb\":{\"@id\":\"https:\\\/\\\/aie-mag.com\\\/it\\\/shop\\\/art-culture\\\/side-note\\\/#breadcrumb\"},\"inLanguage\":\"it-IT\",\"potentialAction\":[{\"@type\":\"ReadAction\",\"target\":[\"https:\\\/\\\/aie-mag.com\\\/it\\\/shop\\\/art-culture\\\/side-note\\\/\"]}]},{\"@type\":\"ImageObject\",\"inLanguage\":\"it-IT\",\"@id\":\"https:\\\/\\\/aie-mag.com\\\/it\\\/shop\\\/art-culture\\\/side-note\\\/#primaryimage\",\"url\":\"https:\\\/\\\/aie-mag.com\\\/wp-content\\\/uploads\\\/2025\\\/01\\\/SIDE-NOTE.jpg\",\"contentUrl\":\"https:\\\/\\\/aie-mag.com\\\/wp-content\\\/uploads\\\/2025\\\/01\\\/SIDE-NOTE.jpg\",\"width\":960,\"height\":1265},{\"@type\":\"BreadcrumbList\",\"@id\":\"https:\\\/\\\/aie-mag.com\\\/it\\\/shop\\\/art-culture\\\/side-note\\\/#breadcrumb\",\"itemListElement\":[{\"@type\":\"ListItem\",\"position\":1,\"name\":\"Home\",\"item\":\"https:\\\/\\\/aie-mag.com\\\/it\\\/\"},{\"@type\":\"ListItem\",\"position\":2,\"name\":\"Catalogo\",\"item\":\"https:\\\/\\\/aie-mag.com\\\/it\\\/catalogo\\\/\"},{\"@type\":\"ListItem\",\"position\":3,\"name\":\"SIDE &#8211; NOTE\"}]},{\"@type\":\"WebSite\",\"@id\":\"https:\\\/\\\/aie-mag.com\\\/it\\\/#website\",\"url\":\"https:\\\/\\\/aie-mag.com\\\/it\\\/\",\"name\":\"AIE - Agenzia Italiana di Esportazione\",\"description\":\"Agenzia Italiana di Esportazione\",\"publisher\":{\"@id\":\"https:\\\/\\\/aie-mag.com\\\/it\\\/#organization\"},\"potentialAction\":[{\"@type\":\"SearchAction\",\"target\":{\"@type\":\"EntryPoint\",\"urlTemplate\":\"https:\\\/\\\/aie-mag.com\\\/it\\\/?s={search_term_string}\"},\"query-input\":{\"@type\":\"PropertyValueSpecification\",\"valueRequired\":true,\"valueName\":\"search_term_string\"}}],\"inLanguage\":\"it-IT\"},{\"@type\":\"Organization\",\"@id\":\"https:\\\/\\\/aie-mag.com\\\/it\\\/#organization\",\"name\":\"AIE - Agenzia Italiana di Esportazione\",\"url\":\"https:\\\/\\\/aie-mag.com\\\/it\\\/\",\"logo\":{\"@type\":\"ImageObject\",\"inLanguage\":\"it-IT\",\"@id\":\"https:\\\/\\\/aie-mag.com\\\/it\\\/#\\\/schema\\\/logo\\\/image\\\/\",\"url\":\"https:\\\/\\\/aie-mag.com\\\/wp-content\\\/uploads\\\/2023\\\/03\\\/cropped-Logo-Aie.png\",\"contentUrl\":\"https:\\\/\\\/aie-mag.com\\\/wp-content\\\/uploads\\\/2023\\\/03\\\/cropped-Logo-Aie.png\",\"width\":512,\"height\":342,\"caption\":\"AIE - Agenzia Italiana di Esportazione\"},\"image\":{\"@id\":\"https:\\\/\\\/aie-mag.com\\\/it\\\/#\\\/schema\\\/logo\\\/image\\\/\"}}]}<\/script>\n<!-- \/ Yoast SEO plugin. -->","yoast_head_json":{"title":"SIDE - NOTE - AIE - Agenzia Italiana di Esportazione","robots":{"index":"index","follow":"follow","max-snippet":"max-snippet:-1","max-image-preview":"max-image-preview:large","max-video-preview":"max-video-preview:-1"},"canonical":"https:\/\/aie-mag.com\/it\/shop\/art-culture\/side-note\/","og_locale":"it_IT","og_type":"article","og_title":"SIDE - NOTE - AIE - Agenzia Italiana di Esportazione","og_description":"Side Note \u00e8 una nuova rivista semestrale cartacea concepita come una rivista da tavolino. Copertina rigida, grande formato e ricca di fotografie, le sue pagine promuovono moda, design, viaggi, bellezza e il lavoro di talenti entusiasmanti. In un mondo inarrestabile, documentato alla velocit\u00e0 della luce, questa rivista \u00e8 concepita per vivere come un libro da [&hellip;]","og_url":"https:\/\/aie-mag.com\/it\/shop\/art-culture\/side-note\/","og_site_name":"AIE - Agenzia Italiana di Esportazione","article_modified_time":"2025-01-10T10:50:28+00:00","og_image":[{"width":960,"height":1265,"url":"https:\/\/aie-mag.com\/wp-content\/uploads\/2025\/01\/SIDE-NOTE.jpg","type":"image\/jpeg"}],"twitter_card":"summary_large_image","twitter_misc":{"Tempo di lettura stimato":"1 minuto"},"schema":{"@context":"https:\/\/schema.org","@graph":[{"@type":"WebPage","@id":"https:\/\/aie-mag.com\/it\/shop\/art-culture\/side-note\/","url":"https:\/\/aie-mag.com\/it\/shop\/art-culture\/side-note\/","name":"SIDE - NOTE - AIE - Agenzia Italiana di Esportazione","isPartOf":{"@id":"https:\/\/aie-mag.com\/it\/#website"},"primaryImageOfPage":{"@id":"https:\/\/aie-mag.com\/it\/shop\/art-culture\/side-note\/#primaryimage"},"image":{"@id":"https:\/\/aie-mag.com\/it\/shop\/art-culture\/side-note\/#primaryimage"},"thumbnailUrl":"https:\/\/aie-mag.com\/wp-content\/uploads\/2025\/01\/SIDE-NOTE.jpg","datePublished":"2025-01-10T10:48:11+00:00","dateModified":"2025-01-10T10:50:28+00:00","breadcrumb":{"@id":"https:\/\/aie-mag.com\/it\/shop\/art-culture\/side-note\/#breadcrumb"},"inLanguage":"it-IT","potentialAction":[{"@type":"ReadAction","target":["https:\/\/aie-mag.com\/it\/shop\/art-culture\/side-note\/"]}]},{"@type":"ImageObject","inLanguage":"it-IT","@id":"https:\/\/aie-mag.com\/it\/shop\/art-culture\/side-note\/#primaryimage","url":"https:\/\/aie-mag.com\/wp-content\/uploads\/2025\/01\/SIDE-NOTE.jpg","contentUrl":"https:\/\/aie-mag.com\/wp-content\/uploads\/2025\/01\/SIDE-NOTE.jpg","width":960,"height":1265},{"@type":"BreadcrumbList","@id":"https:\/\/aie-mag.com\/it\/shop\/art-culture\/side-note\/#breadcrumb","itemListElement":[{"@type":"ListItem","position":1,"name":"Home","item":"https:\/\/aie-mag.com\/it\/"},{"@type":"ListItem","position":2,"name":"Catalogo","item":"https:\/\/aie-mag.com\/it\/catalogo\/"},{"@type":"ListItem","position":3,"name":"SIDE &#8211; NOTE"}]},{"@type":"WebSite","@id":"https:\/\/aie-mag.com\/it\/#website","url":"https:\/\/aie-mag.com\/it\/","name":"AIE - Agenzia Italiana di Esportazione","description":"Agenzia Italiana di Esportazione","publisher":{"@id":"https:\/\/aie-mag.com\/it\/#organization"},"potentialAction":[{"@type":"SearchAction","target":{"@type":"EntryPoint","urlTemplate":"https:\/\/aie-mag.com\/it\/?s={search_term_string}"},"query-input":{"@type":"PropertyValueSpecification","valueRequired":true,"valueName":"search_term_string"}}],"inLanguage":"it-IT"},{"@type":"Organization","@id":"https:\/\/aie-mag.com\/it\/#organization","name":"AIE - Agenzia Italiana di Esportazione","url":"https:\/\/aie-mag.com\/it\/","logo":{"@type":"ImageObject","inLanguage":"it-IT","@id":"https:\/\/aie-mag.com\/it\/#\/schema\/logo\/image\/","url":"https:\/\/aie-mag.com\/wp-content\/uploads\/2023\/03\/cropped-Logo-Aie.png","contentUrl":"https:\/\/aie-mag.com\/wp-content\/uploads\/2023\/03\/cropped-Logo-Aie.png","width":512,"height":342,"caption":"AIE - Agenzia Italiana di Esportazione"},"image":{"@id":"https:\/\/aie-mag.com\/it\/#\/schema\/logo\/image\/"}}]}},"_links":{"self":[{"href":"https:\/\/aie-mag.com\/it\/wp-json\/wp\/v2\/product\/5512","targetHints":{"allow":["GET"]}}],"collection":[{"href":"https:\/\/aie-mag.com\/it\/wp-json\/wp\/v2\/product"}],"about":[{"href":"https:\/\/aie-mag.com\/it\/wp-json\/wp\/v2\/types\/product"}],"version-history":[{"count":3,"href":"https:\/\/aie-mag.com\/it\/wp-json\/wp\/v2\/product\/5512\/revisions"}],"predecessor-version":[{"id":5544,"href":"https:\/\/aie-mag.com\/it\/wp-json\/wp\/v2\/product\/5512\/revisions\/5544"}],"wp:featuredmedia":[{"embeddable":true,"href":"https:\/\/aie-mag.com\/it\/wp-json\/wp\/v2\/media\/5537"}],"wp:attachment":[{"href":"https:\/\/aie-mag.com\/it\/wp-json\/wp\/v2\/media?parent=5512"}],"wp:term":[{"taxonomy":"product_brand","embeddable":true,"href":"https:\/\/aie-mag.com\/it\/wp-json\/wp\/v2\/product_brand?post=5512"},{"taxonomy":"product_cat","embeddable":true,"href":"https:\/\/aie-mag.com\/it\/wp-json\/wp\/v2\/product_cat?post=5512"},{"taxonomy":"product_tag","embeddable":true,"href":"https:\/\/aie-mag.com\/it\/wp-json\/wp\/v2\/product_tag?post=5512"}],"curies":[{"name":"wp","href":"https:\/\/api.w.org\/{rel}","templated":true}]}}