{"id":4740,"date":"2024-03-16T22:21:45","date_gmt":"2024-03-16T22:21:45","guid":{"rendered":"https:\/\/aie-mag.comma3.com\/?post_type=product&#038;p=4740"},"modified":"2025-11-07T10:43:13","modified_gmt":"2025-11-07T10:43:13","slug":"system","status":"publish","type":"product","link":"https:\/\/aie-mag.com\/it\/shop\/fashion\/system\/","title":{"rendered":"SYSTEM"},"content":{"rendered":"<p>System esamina i temi pi\u00f9 rilevanti della moda, presentando significative caratteristiche di conversazione, servizi fotografici avvincenti e film premiati. L&#8217;attenzione editoriale del sistema risiede nell&#8217;atemporalit\u00e0 e nella nozione di giornalismo di lunga data. Come tale le sue storie si sviluppano nel tempo &#8211; da sei mesi fino a due anni &#8211; permettendo alla redazione di creare due volte l&#8217;anno questioni che sono unici, perspicaci e stimolanti. System esplora con stile e sostanza i dialoghi al centro dell&#8217;industria mondiale della moda. La sua rivista semestrale offre esclusive conversazioni in formato lungo con gli individui pi\u00f9 rilevanti, pi\u00f9 potenti ed esperti della moda, accompagnati da portafogli creati dai pi\u00f9 richiesti image-makers del settore. Esplorando e commentando il panorama della moda in costante evoluzione, System \u00e8 una piattaforma per pensieri profondi e opinioni reali &#8211; condivise all&#8217;interno del settore e, in cambio, influenza il mondo in senso pi\u00f9 ampio.<\/p>\n","protected":false},"excerpt":{"rendered":"<p>System esamina i temi pi\u00f9 rilevanti della moda, presentando significative caratteristiche di conversazione, servizi fotografici avvincenti e film premiati. L&#8217;attenzione editoriale del sistema risiede nell&#8217;atemporalit\u00e0 e nella nozione di giornalismo di lunga data. Come tale le sue storie si sviluppano nel tempo &#8211; da sei mesi fino a due anni &#8211; permettendo alla redazione di [&hellip;]<\/p>\n","protected":false},"featured_media":6424,"template":"","meta":[],"product_brand":[],"product_cat":[92],"product_tag":[],"class_list":{"0":"post-4740","1":"product","2":"type-product","3":"status-publish","4":"has-post-thumbnail","6":"product_cat-fashion","8":"first","9":"instock","10":"shipping-taxable","11":"purchasable","12":"product-type-simple"},"yoast_head":"<!-- This site is optimized with the Yoast SEO plugin v27.3 - https:\/\/yoast.com\/product\/yoast-seo-wordpress\/ -->\n<title>SYSTEM - AIE - Agenzia Italiana di Esportazione<\/title>\n<meta name=\"robots\" content=\"index, follow, max-snippet:-1, max-image-preview:large, max-video-preview:-1\" \/>\n<link rel=\"canonical\" href=\"https:\/\/aie-mag.com\/it\/shop\/fashion\/system\/\" \/>\n<meta property=\"og:locale\" content=\"it_IT\" \/>\n<meta property=\"og:type\" content=\"article\" \/>\n<meta property=\"og:title\" content=\"SYSTEM - AIE - Agenzia Italiana di Esportazione\" \/>\n<meta property=\"og:description\" content=\"System esamina i temi pi\u00f9 rilevanti della moda, presentando significative caratteristiche di conversazione, servizi fotografici avvincenti e film premiati. L&#8217;attenzione editoriale del sistema risiede nell&#8217;atemporalit\u00e0 e nella nozione di giornalismo di lunga data. Come tale le sue storie si sviluppano nel tempo &#8211; da sei mesi fino a due anni &#8211; permettendo alla redazione di [&hellip;]\" \/>\n<meta property=\"og:url\" content=\"https:\/\/aie-mag.com\/it\/shop\/fashion\/system\/\" \/>\n<meta property=\"og:site_name\" content=\"AIE - Agenzia Italiana di Esportazione\" \/>\n<meta property=\"article:modified_time\" content=\"2025-11-07T10:43:13+00:00\" \/>\n<meta property=\"og:image\" content=\"https:\/\/aie-mag.com\/wp-content\/uploads\/2024\/03\/SYSTEM-2.jpg\" \/>\n\t<meta property=\"og:image:width\" content=\"960\" \/>\n\t<meta property=\"og:image:height\" content=\"1265\" \/>\n\t<meta property=\"og:image:type\" content=\"image\/jpeg\" \/>\n<meta name=\"twitter:card\" content=\"summary_large_image\" \/>\n<meta name=\"twitter:label1\" content=\"Tempo di lettura stimato\" \/>\n\t<meta name=\"twitter:data1\" content=\"1 minuto\" \/>\n<script type=\"application\/ld+json\" class=\"yoast-schema-graph\">{\"@context\":\"https:\\\/\\\/schema.org\",\"@graph\":[{\"@type\":\"WebPage\",\"@id\":\"https:\\\/\\\/aie-mag.com\\\/it\\\/shop\\\/fashion\\\/system\\\/\",\"url\":\"https:\\\/\\\/aie-mag.com\\\/it\\\/shop\\\/fashion\\\/system\\\/\",\"name\":\"SYSTEM - AIE - Agenzia Italiana di Esportazione\",\"isPartOf\":{\"@id\":\"https:\\\/\\\/aie-mag.com\\\/it\\\/#website\"},\"primaryImageOfPage\":{\"@id\":\"https:\\\/\\\/aie-mag.com\\\/it\\\/shop\\\/fashion\\\/system\\\/#primaryimage\"},\"image\":{\"@id\":\"https:\\\/\\\/aie-mag.com\\\/it\\\/shop\\\/fashion\\\/system\\\/#primaryimage\"},\"thumbnailUrl\":\"https:\\\/\\\/aie-mag.com\\\/wp-content\\\/uploads\\\/2024\\\/03\\\/SYSTEM-2.jpg\",\"datePublished\":\"2024-03-16T22:21:45+00:00\",\"dateModified\":\"2025-11-07T10:43:13+00:00\",\"breadcrumb\":{\"@id\":\"https:\\\/\\\/aie-mag.com\\\/it\\\/shop\\\/fashion\\\/system\\\/#breadcrumb\"},\"inLanguage\":\"it-IT\",\"potentialAction\":[{\"@type\":\"ReadAction\",\"target\":[\"https:\\\/\\\/aie-mag.com\\\/it\\\/shop\\\/fashion\\\/system\\\/\"]}]},{\"@type\":\"ImageObject\",\"inLanguage\":\"it-IT\",\"@id\":\"https:\\\/\\\/aie-mag.com\\\/it\\\/shop\\\/fashion\\\/system\\\/#primaryimage\",\"url\":\"https:\\\/\\\/aie-mag.com\\\/wp-content\\\/uploads\\\/2024\\\/03\\\/SYSTEM-2.jpg\",\"contentUrl\":\"https:\\\/\\\/aie-mag.com\\\/wp-content\\\/uploads\\\/2024\\\/03\\\/SYSTEM-2.jpg\",\"width\":960,\"height\":1265},{\"@type\":\"BreadcrumbList\",\"@id\":\"https:\\\/\\\/aie-mag.com\\\/it\\\/shop\\\/fashion\\\/system\\\/#breadcrumb\",\"itemListElement\":[{\"@type\":\"ListItem\",\"position\":1,\"name\":\"Home\",\"item\":\"https:\\\/\\\/aie-mag.com\\\/it\\\/\"},{\"@type\":\"ListItem\",\"position\":2,\"name\":\"Catalogo\",\"item\":\"https:\\\/\\\/aie-mag.com\\\/it\\\/catalogo\\\/\"},{\"@type\":\"ListItem\",\"position\":3,\"name\":\"SYSTEM\"}]},{\"@type\":\"WebSite\",\"@id\":\"https:\\\/\\\/aie-mag.com\\\/it\\\/#website\",\"url\":\"https:\\\/\\\/aie-mag.com\\\/it\\\/\",\"name\":\"AIE - Agenzia Italiana di Esportazione\",\"description\":\"Agenzia Italiana di Esportazione\",\"publisher\":{\"@id\":\"https:\\\/\\\/aie-mag.com\\\/it\\\/#organization\"},\"potentialAction\":[{\"@type\":\"SearchAction\",\"target\":{\"@type\":\"EntryPoint\",\"urlTemplate\":\"https:\\\/\\\/aie-mag.com\\\/it\\\/?s={search_term_string}\"},\"query-input\":{\"@type\":\"PropertyValueSpecification\",\"valueRequired\":true,\"valueName\":\"search_term_string\"}}],\"inLanguage\":\"it-IT\"},{\"@type\":\"Organization\",\"@id\":\"https:\\\/\\\/aie-mag.com\\\/it\\\/#organization\",\"name\":\"AIE - Agenzia Italiana di Esportazione\",\"url\":\"https:\\\/\\\/aie-mag.com\\\/it\\\/\",\"logo\":{\"@type\":\"ImageObject\",\"inLanguage\":\"it-IT\",\"@id\":\"https:\\\/\\\/aie-mag.com\\\/it\\\/#\\\/schema\\\/logo\\\/image\\\/\",\"url\":\"https:\\\/\\\/aie-mag.com\\\/wp-content\\\/uploads\\\/2023\\\/03\\\/cropped-Logo-Aie.png\",\"contentUrl\":\"https:\\\/\\\/aie-mag.com\\\/wp-content\\\/uploads\\\/2023\\\/03\\\/cropped-Logo-Aie.png\",\"width\":512,\"height\":342,\"caption\":\"AIE - Agenzia Italiana di Esportazione\"},\"image\":{\"@id\":\"https:\\\/\\\/aie-mag.com\\\/it\\\/#\\\/schema\\\/logo\\\/image\\\/\"}}]}<\/script>\n<!-- \/ Yoast SEO plugin. -->","yoast_head_json":{"title":"SYSTEM - AIE - Agenzia Italiana di Esportazione","robots":{"index":"index","follow":"follow","max-snippet":"max-snippet:-1","max-image-preview":"max-image-preview:large","max-video-preview":"max-video-preview:-1"},"canonical":"https:\/\/aie-mag.com\/it\/shop\/fashion\/system\/","og_locale":"it_IT","og_type":"article","og_title":"SYSTEM - AIE - Agenzia Italiana di Esportazione","og_description":"System esamina i temi pi\u00f9 rilevanti della moda, presentando significative caratteristiche di conversazione, servizi fotografici avvincenti e film premiati. L&#8217;attenzione editoriale del sistema risiede nell&#8217;atemporalit\u00e0 e nella nozione di giornalismo di lunga data. Come tale le sue storie si sviluppano nel tempo &#8211; da sei mesi fino a due anni &#8211; permettendo alla redazione di [&hellip;]","og_url":"https:\/\/aie-mag.com\/it\/shop\/fashion\/system\/","og_site_name":"AIE - Agenzia Italiana di Esportazione","article_modified_time":"2025-11-07T10:43:13+00:00","og_image":[{"width":960,"height":1265,"url":"https:\/\/aie-mag.com\/wp-content\/uploads\/2024\/03\/SYSTEM-2.jpg","type":"image\/jpeg"}],"twitter_card":"summary_large_image","twitter_misc":{"Tempo di lettura stimato":"1 minuto"},"schema":{"@context":"https:\/\/schema.org","@graph":[{"@type":"WebPage","@id":"https:\/\/aie-mag.com\/it\/shop\/fashion\/system\/","url":"https:\/\/aie-mag.com\/it\/shop\/fashion\/system\/","name":"SYSTEM - AIE - Agenzia Italiana di Esportazione","isPartOf":{"@id":"https:\/\/aie-mag.com\/it\/#website"},"primaryImageOfPage":{"@id":"https:\/\/aie-mag.com\/it\/shop\/fashion\/system\/#primaryimage"},"image":{"@id":"https:\/\/aie-mag.com\/it\/shop\/fashion\/system\/#primaryimage"},"thumbnailUrl":"https:\/\/aie-mag.com\/wp-content\/uploads\/2024\/03\/SYSTEM-2.jpg","datePublished":"2024-03-16T22:21:45+00:00","dateModified":"2025-11-07T10:43:13+00:00","breadcrumb":{"@id":"https:\/\/aie-mag.com\/it\/shop\/fashion\/system\/#breadcrumb"},"inLanguage":"it-IT","potentialAction":[{"@type":"ReadAction","target":["https:\/\/aie-mag.com\/it\/shop\/fashion\/system\/"]}]},{"@type":"ImageObject","inLanguage":"it-IT","@id":"https:\/\/aie-mag.com\/it\/shop\/fashion\/system\/#primaryimage","url":"https:\/\/aie-mag.com\/wp-content\/uploads\/2024\/03\/SYSTEM-2.jpg","contentUrl":"https:\/\/aie-mag.com\/wp-content\/uploads\/2024\/03\/SYSTEM-2.jpg","width":960,"height":1265},{"@type":"BreadcrumbList","@id":"https:\/\/aie-mag.com\/it\/shop\/fashion\/system\/#breadcrumb","itemListElement":[{"@type":"ListItem","position":1,"name":"Home","item":"https:\/\/aie-mag.com\/it\/"},{"@type":"ListItem","position":2,"name":"Catalogo","item":"https:\/\/aie-mag.com\/it\/catalogo\/"},{"@type":"ListItem","position":3,"name":"SYSTEM"}]},{"@type":"WebSite","@id":"https:\/\/aie-mag.com\/it\/#website","url":"https:\/\/aie-mag.com\/it\/","name":"AIE - Agenzia Italiana di Esportazione","description":"Agenzia Italiana di Esportazione","publisher":{"@id":"https:\/\/aie-mag.com\/it\/#organization"},"potentialAction":[{"@type":"SearchAction","target":{"@type":"EntryPoint","urlTemplate":"https:\/\/aie-mag.com\/it\/?s={search_term_string}"},"query-input":{"@type":"PropertyValueSpecification","valueRequired":true,"valueName":"search_term_string"}}],"inLanguage":"it-IT"},{"@type":"Organization","@id":"https:\/\/aie-mag.com\/it\/#organization","name":"AIE - Agenzia Italiana di Esportazione","url":"https:\/\/aie-mag.com\/it\/","logo":{"@type":"ImageObject","inLanguage":"it-IT","@id":"https:\/\/aie-mag.com\/it\/#\/schema\/logo\/image\/","url":"https:\/\/aie-mag.com\/wp-content\/uploads\/2023\/03\/cropped-Logo-Aie.png","contentUrl":"https:\/\/aie-mag.com\/wp-content\/uploads\/2023\/03\/cropped-Logo-Aie.png","width":512,"height":342,"caption":"AIE - Agenzia Italiana di Esportazione"},"image":{"@id":"https:\/\/aie-mag.com\/it\/#\/schema\/logo\/image\/"}}]}},"_links":{"self":[{"href":"https:\/\/aie-mag.com\/it\/wp-json\/wp\/v2\/product\/4740","targetHints":{"allow":["GET"]}}],"collection":[{"href":"https:\/\/aie-mag.com\/it\/wp-json\/wp\/v2\/product"}],"about":[{"href":"https:\/\/aie-mag.com\/it\/wp-json\/wp\/v2\/types\/product"}],"version-history":[{"count":2,"href":"https:\/\/aie-mag.com\/it\/wp-json\/wp\/v2\/product\/4740\/revisions"}],"predecessor-version":[{"id":5771,"href":"https:\/\/aie-mag.com\/it\/wp-json\/wp\/v2\/product\/4740\/revisions\/5771"}],"wp:featuredmedia":[{"embeddable":true,"href":"https:\/\/aie-mag.com\/it\/wp-json\/wp\/v2\/media\/6424"}],"wp:attachment":[{"href":"https:\/\/aie-mag.com\/it\/wp-json\/wp\/v2\/media?parent=4740"}],"wp:term":[{"taxonomy":"product_brand","embeddable":true,"href":"https:\/\/aie-mag.com\/it\/wp-json\/wp\/v2\/product_brand?post=4740"},{"taxonomy":"product_cat","embeddable":true,"href":"https:\/\/aie-mag.com\/it\/wp-json\/wp\/v2\/product_cat?post=4740"},{"taxonomy":"product_tag","embeddable":true,"href":"https:\/\/aie-mag.com\/it\/wp-json\/wp\/v2\/product_tag?post=4740"}],"curies":[{"name":"wp","href":"https:\/\/api.w.org\/{rel}","templated":true}]}}