{"id":4720,"date":"2024-03-16T20:53:05","date_gmt":"2024-03-16T20:53:05","guid":{"rendered":"https:\/\/aie-mag.comma3.com\/?post_type=product&#038;p=4720"},"modified":"2025-11-07T13:40:20","modified_gmt":"2025-11-07T13:40:20","slug":"gq-ed-italiana","status":"publish","type":"product","link":"https:\/\/aie-mag.com\/it\/shop\/lifestyle\/gq-ed-italiana\/","title":{"rendered":"GQ \u2013 ED. ITALIANA"},"content":{"rendered":"<p>\u00c8 la rivista mensile mai pubblicata sin d&#8217;ora: una rivista completa e piacevole, come il calcio brasiliano. Che ti fa sentire bene. Un amico che si prende cura di te quando sei stanco dopo il lavoro, dopo l&#8217;ultimo notiziario televisivo, e che ti ricarica con un&#8217;iniezione di curiosit\u00e0, interviste e personaggi del tuo mondo, cose mai viste n\u00e9 lette da altre parti. GQ Italia \u00e8 il pi\u00f9 autorevole mensile dedicato alle passioni mensili. Dalle donne allo sport, dalla moda alla sessualit\u00e0, dal lavoro al divertimento con un&#8217;attenzione particolare per Internet e le nuove tecnologie. Con la collaborazione di grandi firme e di maestri della fotografia. GQ si propone con una formula semplice ma non banale: sexy, utile e divertente.<\/p>\n","protected":false},"excerpt":{"rendered":"<p>\u00c8 la rivista mensile mai pubblicata sin d&#8217;ora: una rivista completa e piacevole, come il calcio brasiliano. Che ti fa sentire bene. Un amico che si prende cura di te quando sei stanco dopo il lavoro, dopo l&#8217;ultimo notiziario televisivo, e che ti ricarica con un&#8217;iniezione di curiosit\u00e0, interviste e personaggi del tuo mondo, cose [&hellip;]<\/p>\n","protected":false},"featured_media":6453,"template":"","meta":[],"product_brand":[],"product_cat":[94],"product_tag":[],"class_list":{"0":"post-4720","1":"product","2":"type-product","3":"status-publish","4":"has-post-thumbnail","6":"product_cat-lifestyle","8":"first","9":"instock","10":"shipping-taxable","11":"purchasable","12":"product-type-simple"},"yoast_head":"<!-- This site is optimized with the Yoast SEO plugin v27.5 - https:\/\/yoast.com\/product\/yoast-seo-wordpress\/ -->\n<title>GQ \u2013 ED. ITALIANA - AIE - Agenzia Italiana di Esportazione<\/title>\n<meta name=\"robots\" content=\"index, follow, max-snippet:-1, max-image-preview:large, max-video-preview:-1\" \/>\n<link rel=\"canonical\" href=\"https:\/\/aie-mag.com\/it\/shop\/lifestyle\/gq-ed-italiana\/\" \/>\n<meta property=\"og:locale\" content=\"it_IT\" \/>\n<meta property=\"og:type\" content=\"article\" \/>\n<meta property=\"og:title\" content=\"GQ \u2013 ED. ITALIANA - AIE - Agenzia Italiana di Esportazione\" \/>\n<meta property=\"og:description\" content=\"\u00c8 la rivista mensile mai pubblicata sin d&#8217;ora: una rivista completa e piacevole, come il calcio brasiliano. Che ti fa sentire bene. Un amico che si prende cura di te quando sei stanco dopo il lavoro, dopo l&#8217;ultimo notiziario televisivo, e che ti ricarica con un&#8217;iniezione di curiosit\u00e0, interviste e personaggi del tuo mondo, cose [&hellip;]\" \/>\n<meta property=\"og:url\" content=\"https:\/\/aie-mag.com\/it\/shop\/lifestyle\/gq-ed-italiana\/\" \/>\n<meta property=\"og:site_name\" content=\"AIE - Agenzia Italiana di Esportazione\" \/>\n<meta property=\"article:modified_time\" content=\"2025-11-07T13:40:20+00:00\" \/>\n<meta property=\"og:image\" content=\"https:\/\/aie-mag.com\/wp-content\/uploads\/2024\/03\/GQ-5.jpg\" \/>\n\t<meta property=\"og:image:width\" content=\"960\" \/>\n\t<meta property=\"og:image:height\" content=\"1265\" \/>\n\t<meta property=\"og:image:type\" content=\"image\/jpeg\" \/>\n<meta name=\"twitter:card\" content=\"summary_large_image\" \/>\n<meta name=\"twitter:label1\" content=\"Tempo di lettura stimato\" \/>\n\t<meta name=\"twitter:data1\" content=\"1 minuto\" \/>\n<script type=\"application\/ld+json\" class=\"yoast-schema-graph\">{\"@context\":\"https:\\\/\\\/schema.org\",\"@graph\":[{\"@type\":\"WebPage\",\"@id\":\"https:\\\/\\\/aie-mag.com\\\/it\\\/shop\\\/lifestyle\\\/gq-ed-italiana\\\/\",\"url\":\"https:\\\/\\\/aie-mag.com\\\/it\\\/shop\\\/lifestyle\\\/gq-ed-italiana\\\/\",\"name\":\"GQ \u2013 ED. ITALIANA - AIE - Agenzia Italiana di Esportazione\",\"isPartOf\":{\"@id\":\"https:\\\/\\\/aie-mag.com\\\/it\\\/#website\"},\"primaryImageOfPage\":{\"@id\":\"https:\\\/\\\/aie-mag.com\\\/it\\\/shop\\\/lifestyle\\\/gq-ed-italiana\\\/#primaryimage\"},\"image\":{\"@id\":\"https:\\\/\\\/aie-mag.com\\\/it\\\/shop\\\/lifestyle\\\/gq-ed-italiana\\\/#primaryimage\"},\"thumbnailUrl\":\"https:\\\/\\\/aie-mag.com\\\/wp-content\\\/uploads\\\/2024\\\/03\\\/GQ-5.jpg\",\"datePublished\":\"2024-03-16T20:53:05+00:00\",\"dateModified\":\"2025-11-07T13:40:20+00:00\",\"breadcrumb\":{\"@id\":\"https:\\\/\\\/aie-mag.com\\\/it\\\/shop\\\/lifestyle\\\/gq-ed-italiana\\\/#breadcrumb\"},\"inLanguage\":\"it-IT\",\"potentialAction\":[{\"@type\":\"ReadAction\",\"target\":[\"https:\\\/\\\/aie-mag.com\\\/it\\\/shop\\\/lifestyle\\\/gq-ed-italiana\\\/\"]}]},{\"@type\":\"ImageObject\",\"inLanguage\":\"it-IT\",\"@id\":\"https:\\\/\\\/aie-mag.com\\\/it\\\/shop\\\/lifestyle\\\/gq-ed-italiana\\\/#primaryimage\",\"url\":\"https:\\\/\\\/aie-mag.com\\\/wp-content\\\/uploads\\\/2024\\\/03\\\/GQ-5.jpg\",\"contentUrl\":\"https:\\\/\\\/aie-mag.com\\\/wp-content\\\/uploads\\\/2024\\\/03\\\/GQ-5.jpg\",\"width\":960,\"height\":1265},{\"@type\":\"BreadcrumbList\",\"@id\":\"https:\\\/\\\/aie-mag.com\\\/it\\\/shop\\\/lifestyle\\\/gq-ed-italiana\\\/#breadcrumb\",\"itemListElement\":[{\"@type\":\"ListItem\",\"position\":1,\"name\":\"Home\",\"item\":\"https:\\\/\\\/aie-mag.com\\\/it\\\/\"},{\"@type\":\"ListItem\",\"position\":2,\"name\":\"Catalogo\",\"item\":\"https:\\\/\\\/aie-mag.com\\\/it\\\/catalogo\\\/\"},{\"@type\":\"ListItem\",\"position\":3,\"name\":\"GQ \u2013 ED. ITALIANA\"}]},{\"@type\":\"WebSite\",\"@id\":\"https:\\\/\\\/aie-mag.com\\\/it\\\/#website\",\"url\":\"https:\\\/\\\/aie-mag.com\\\/it\\\/\",\"name\":\"AIE - Agenzia Italiana di Esportazione\",\"description\":\"Agenzia Italiana di Esportazione\",\"publisher\":{\"@id\":\"https:\\\/\\\/aie-mag.com\\\/it\\\/#organization\"},\"potentialAction\":[{\"@type\":\"SearchAction\",\"target\":{\"@type\":\"EntryPoint\",\"urlTemplate\":\"https:\\\/\\\/aie-mag.com\\\/it\\\/?s={search_term_string}\"},\"query-input\":{\"@type\":\"PropertyValueSpecification\",\"valueRequired\":true,\"valueName\":\"search_term_string\"}}],\"inLanguage\":\"it-IT\"},{\"@type\":\"Organization\",\"@id\":\"https:\\\/\\\/aie-mag.com\\\/it\\\/#organization\",\"name\":\"AIE - Agenzia Italiana di Esportazione\",\"url\":\"https:\\\/\\\/aie-mag.com\\\/it\\\/\",\"logo\":{\"@type\":\"ImageObject\",\"inLanguage\":\"it-IT\",\"@id\":\"https:\\\/\\\/aie-mag.com\\\/it\\\/#\\\/schema\\\/logo\\\/image\\\/\",\"url\":\"https:\\\/\\\/aie-mag.com\\\/wp-content\\\/uploads\\\/2023\\\/03\\\/cropped-Logo-Aie.png\",\"contentUrl\":\"https:\\\/\\\/aie-mag.com\\\/wp-content\\\/uploads\\\/2023\\\/03\\\/cropped-Logo-Aie.png\",\"width\":512,\"height\":342,\"caption\":\"AIE - Agenzia Italiana di Esportazione\"},\"image\":{\"@id\":\"https:\\\/\\\/aie-mag.com\\\/it\\\/#\\\/schema\\\/logo\\\/image\\\/\"}}]}<\/script>\n<!-- \/ Yoast SEO plugin. -->","yoast_head_json":{"title":"GQ \u2013 ED. ITALIANA - AIE - Agenzia Italiana di Esportazione","robots":{"index":"index","follow":"follow","max-snippet":"max-snippet:-1","max-image-preview":"max-image-preview:large","max-video-preview":"max-video-preview:-1"},"canonical":"https:\/\/aie-mag.com\/it\/shop\/lifestyle\/gq-ed-italiana\/","og_locale":"it_IT","og_type":"article","og_title":"GQ \u2013 ED. ITALIANA - AIE - Agenzia Italiana di Esportazione","og_description":"\u00c8 la rivista mensile mai pubblicata sin d&#8217;ora: una rivista completa e piacevole, come il calcio brasiliano. Che ti fa sentire bene. Un amico che si prende cura di te quando sei stanco dopo il lavoro, dopo l&#8217;ultimo notiziario televisivo, e che ti ricarica con un&#8217;iniezione di curiosit\u00e0, interviste e personaggi del tuo mondo, cose [&hellip;]","og_url":"https:\/\/aie-mag.com\/it\/shop\/lifestyle\/gq-ed-italiana\/","og_site_name":"AIE - Agenzia Italiana di Esportazione","article_modified_time":"2025-11-07T13:40:20+00:00","og_image":[{"width":960,"height":1265,"url":"https:\/\/aie-mag.com\/wp-content\/uploads\/2024\/03\/GQ-5.jpg","type":"image\/jpeg"}],"twitter_card":"summary_large_image","twitter_misc":{"Tempo di lettura stimato":"1 minuto"},"schema":{"@context":"https:\/\/schema.org","@graph":[{"@type":"WebPage","@id":"https:\/\/aie-mag.com\/it\/shop\/lifestyle\/gq-ed-italiana\/","url":"https:\/\/aie-mag.com\/it\/shop\/lifestyle\/gq-ed-italiana\/","name":"GQ \u2013 ED. ITALIANA - AIE - Agenzia Italiana di Esportazione","isPartOf":{"@id":"https:\/\/aie-mag.com\/it\/#website"},"primaryImageOfPage":{"@id":"https:\/\/aie-mag.com\/it\/shop\/lifestyle\/gq-ed-italiana\/#primaryimage"},"image":{"@id":"https:\/\/aie-mag.com\/it\/shop\/lifestyle\/gq-ed-italiana\/#primaryimage"},"thumbnailUrl":"https:\/\/aie-mag.com\/wp-content\/uploads\/2024\/03\/GQ-5.jpg","datePublished":"2024-03-16T20:53:05+00:00","dateModified":"2025-11-07T13:40:20+00:00","breadcrumb":{"@id":"https:\/\/aie-mag.com\/it\/shop\/lifestyle\/gq-ed-italiana\/#breadcrumb"},"inLanguage":"it-IT","potentialAction":[{"@type":"ReadAction","target":["https:\/\/aie-mag.com\/it\/shop\/lifestyle\/gq-ed-italiana\/"]}]},{"@type":"ImageObject","inLanguage":"it-IT","@id":"https:\/\/aie-mag.com\/it\/shop\/lifestyle\/gq-ed-italiana\/#primaryimage","url":"https:\/\/aie-mag.com\/wp-content\/uploads\/2024\/03\/GQ-5.jpg","contentUrl":"https:\/\/aie-mag.com\/wp-content\/uploads\/2024\/03\/GQ-5.jpg","width":960,"height":1265},{"@type":"BreadcrumbList","@id":"https:\/\/aie-mag.com\/it\/shop\/lifestyle\/gq-ed-italiana\/#breadcrumb","itemListElement":[{"@type":"ListItem","position":1,"name":"Home","item":"https:\/\/aie-mag.com\/it\/"},{"@type":"ListItem","position":2,"name":"Catalogo","item":"https:\/\/aie-mag.com\/it\/catalogo\/"},{"@type":"ListItem","position":3,"name":"GQ \u2013 ED. ITALIANA"}]},{"@type":"WebSite","@id":"https:\/\/aie-mag.com\/it\/#website","url":"https:\/\/aie-mag.com\/it\/","name":"AIE - Agenzia Italiana di Esportazione","description":"Agenzia Italiana di Esportazione","publisher":{"@id":"https:\/\/aie-mag.com\/it\/#organization"},"potentialAction":[{"@type":"SearchAction","target":{"@type":"EntryPoint","urlTemplate":"https:\/\/aie-mag.com\/it\/?s={search_term_string}"},"query-input":{"@type":"PropertyValueSpecification","valueRequired":true,"valueName":"search_term_string"}}],"inLanguage":"it-IT"},{"@type":"Organization","@id":"https:\/\/aie-mag.com\/it\/#organization","name":"AIE - Agenzia Italiana di Esportazione","url":"https:\/\/aie-mag.com\/it\/","logo":{"@type":"ImageObject","inLanguage":"it-IT","@id":"https:\/\/aie-mag.com\/it\/#\/schema\/logo\/image\/","url":"https:\/\/aie-mag.com\/wp-content\/uploads\/2023\/03\/cropped-Logo-Aie.png","contentUrl":"https:\/\/aie-mag.com\/wp-content\/uploads\/2023\/03\/cropped-Logo-Aie.png","width":512,"height":342,"caption":"AIE - Agenzia Italiana di Esportazione"},"image":{"@id":"https:\/\/aie-mag.com\/it\/#\/schema\/logo\/image\/"}}]}},"_links":{"self":[{"href":"https:\/\/aie-mag.com\/it\/wp-json\/wp\/v2\/product\/4720","targetHints":{"allow":["GET"]}}],"collection":[{"href":"https:\/\/aie-mag.com\/it\/wp-json\/wp\/v2\/product"}],"about":[{"href":"https:\/\/aie-mag.com\/it\/wp-json\/wp\/v2\/types\/product"}],"version-history":[{"count":1,"href":"https:\/\/aie-mag.com\/it\/wp-json\/wp\/v2\/product\/4720\/revisions"}],"predecessor-version":[{"id":5269,"href":"https:\/\/aie-mag.com\/it\/wp-json\/wp\/v2\/product\/4720\/revisions\/5269"}],"wp:featuredmedia":[{"embeddable":true,"href":"https:\/\/aie-mag.com\/it\/wp-json\/wp\/v2\/media\/6453"}],"wp:attachment":[{"href":"https:\/\/aie-mag.com\/it\/wp-json\/wp\/v2\/media?parent=4720"}],"wp:term":[{"taxonomy":"product_brand","embeddable":true,"href":"https:\/\/aie-mag.com\/it\/wp-json\/wp\/v2\/product_brand?post=4720"},{"taxonomy":"product_cat","embeddable":true,"href":"https:\/\/aie-mag.com\/it\/wp-json\/wp\/v2\/product_cat?post=4720"},{"taxonomy":"product_tag","embeddable":true,"href":"https:\/\/aie-mag.com\/it\/wp-json\/wp\/v2\/product_tag?post=4720"}],"curies":[{"name":"wp","href":"https:\/\/api.w.org\/{rel}","templated":true}]}}