{"id":4712,"date":"2024-03-16T20:43:56","date_gmt":"2024-03-16T20:43:56","guid":{"rendered":"https:\/\/aie-mag.comma3.com\/?post_type=product&#038;p=4712"},"modified":"2025-11-07T10:59:52","modified_gmt":"2025-11-07T10:59:52","slug":"intimita","status":"publish","type":"product","link":"https:\/\/aie-mag.com\/it\/shop\/leisure-pleasure\/intimita\/","title":{"rendered":"INTIMIT\u00c0"},"content":{"rendered":"<p>Intimit\u00e0 \u00e8 una testata storica, nata nel 1946, che si rivolge a tutte le donne che amano il sogno, l&#8217;evasione dai problemi quotidiani, ma avvertono anche l&#8217;esigenza di servizi di carattere pratico. Intimit\u00e0 \u00e8 il settimanale femminile pi\u00f9 amato letto dalle donne che non hanno paura di vivere i sentimenti, non vogliono rinunciare a sognare, ma desiderano anche essere informate per fare le scelte migliori, ascoltate quando vogliono raccontarsi. Quando compare per la prima volta in edicola, Intimit\u00e0 si presenta alle lettrici come \u201cuna discreta compagna per tutte le donne, una confidente sollecita e una vigile consigliera in qualsiasi momento e per qualsiasi evenienza\u201d. Questa continua ad essere la filosofia di Intimit\u00e0 anche oggi. E\u2019 cambiato il mondo da quando \u00e8 nata e Intimit\u00e0, pur rimanendo fedele a se stessa, \u00e8 cresciuta di pari passo con l\u2019universo femminile, creando un dialogo da donna a donna unico e irripetibile.<\/p>\n<p>&nbsp;<\/p>\n","protected":false},"excerpt":{"rendered":"<p>Intimit\u00e0 \u00e8 una testata storica, nata nel 1946, che si rivolge a tutte le donne che amano il sogno, l&#8217;evasione dai problemi quotidiani, ma avvertono anche l&#8217;esigenza di servizi di carattere pratico. Intimit\u00e0 \u00e8 il settimanale femminile pi\u00f9 amato letto dalle donne che non hanno paura di vivere i sentimenti, non vogliono rinunciare a sognare, [&hellip;]<\/p>\n","protected":false},"featured_media":4794,"template":"","meta":[],"product_brand":[],"product_cat":[93],"product_tag":[],"class_list":{"0":"post-4712","1":"product","2":"type-product","3":"status-publish","4":"has-post-thumbnail","6":"product_cat-leisure-pleasure","8":"first","9":"instock","10":"shipping-taxable","11":"purchasable","12":"product-type-simple"},"yoast_head":"<!-- This site is optimized with the Yoast SEO plugin v27.3 - https:\/\/yoast.com\/product\/yoast-seo-wordpress\/ -->\n<title>INTIMIT\u00c0 - AIE - Agenzia Italiana di Esportazione<\/title>\n<meta name=\"robots\" content=\"index, follow, max-snippet:-1, max-image-preview:large, max-video-preview:-1\" \/>\n<link rel=\"canonical\" href=\"https:\/\/aie-mag.com\/it\/shop\/leisure-pleasure\/intimita\/\" \/>\n<meta property=\"og:locale\" content=\"it_IT\" \/>\n<meta property=\"og:type\" content=\"article\" \/>\n<meta property=\"og:title\" content=\"INTIMIT\u00c0 - AIE - Agenzia Italiana di Esportazione\" \/>\n<meta property=\"og:description\" content=\"Intimit\u00e0 \u00e8 una testata storica, nata nel 1946, che si rivolge a tutte le donne che amano il sogno, l&#8217;evasione dai problemi quotidiani, ma avvertono anche l&#8217;esigenza di servizi di carattere pratico. Intimit\u00e0 \u00e8 il settimanale femminile pi\u00f9 amato letto dalle donne che non hanno paura di vivere i sentimenti, non vogliono rinunciare a sognare, [&hellip;]\" \/>\n<meta property=\"og:url\" content=\"https:\/\/aie-mag.com\/it\/shop\/leisure-pleasure\/intimita\/\" \/>\n<meta property=\"og:site_name\" content=\"AIE - Agenzia Italiana di Esportazione\" \/>\n<meta property=\"article:modified_time\" content=\"2025-11-07T10:59:52+00:00\" \/>\n<meta property=\"og:image\" content=\"https:\/\/aie-mag.com\/wp-content\/uploads\/2024\/03\/INTIMITA.jpg\" \/>\n\t<meta property=\"og:image:width\" content=\"960\" \/>\n\t<meta property=\"og:image:height\" content=\"1265\" \/>\n\t<meta property=\"og:image:type\" content=\"image\/jpeg\" \/>\n<meta name=\"twitter:card\" content=\"summary_large_image\" \/>\n<meta name=\"twitter:label1\" content=\"Tempo di lettura stimato\" \/>\n\t<meta name=\"twitter:data1\" content=\"1 minuto\" \/>\n<script type=\"application\/ld+json\" class=\"yoast-schema-graph\">{\"@context\":\"https:\\\/\\\/schema.org\",\"@graph\":[{\"@type\":\"WebPage\",\"@id\":\"https:\\\/\\\/aie-mag.com\\\/it\\\/shop\\\/leisure-pleasure\\\/intimita\\\/\",\"url\":\"https:\\\/\\\/aie-mag.com\\\/it\\\/shop\\\/leisure-pleasure\\\/intimita\\\/\",\"name\":\"INTIMIT\u00c0 - AIE - Agenzia Italiana di Esportazione\",\"isPartOf\":{\"@id\":\"https:\\\/\\\/aie-mag.com\\\/it\\\/#website\"},\"primaryImageOfPage\":{\"@id\":\"https:\\\/\\\/aie-mag.com\\\/it\\\/shop\\\/leisure-pleasure\\\/intimita\\\/#primaryimage\"},\"image\":{\"@id\":\"https:\\\/\\\/aie-mag.com\\\/it\\\/shop\\\/leisure-pleasure\\\/intimita\\\/#primaryimage\"},\"thumbnailUrl\":\"https:\\\/\\\/aie-mag.com\\\/wp-content\\\/uploads\\\/2024\\\/03\\\/INTIMITA.jpg\",\"datePublished\":\"2024-03-16T20:43:56+00:00\",\"dateModified\":\"2025-11-07T10:59:52+00:00\",\"breadcrumb\":{\"@id\":\"https:\\\/\\\/aie-mag.com\\\/it\\\/shop\\\/leisure-pleasure\\\/intimita\\\/#breadcrumb\"},\"inLanguage\":\"it-IT\",\"potentialAction\":[{\"@type\":\"ReadAction\",\"target\":[\"https:\\\/\\\/aie-mag.com\\\/it\\\/shop\\\/leisure-pleasure\\\/intimita\\\/\"]}]},{\"@type\":\"ImageObject\",\"inLanguage\":\"it-IT\",\"@id\":\"https:\\\/\\\/aie-mag.com\\\/it\\\/shop\\\/leisure-pleasure\\\/intimita\\\/#primaryimage\",\"url\":\"https:\\\/\\\/aie-mag.com\\\/wp-content\\\/uploads\\\/2024\\\/03\\\/INTIMITA.jpg\",\"contentUrl\":\"https:\\\/\\\/aie-mag.com\\\/wp-content\\\/uploads\\\/2024\\\/03\\\/INTIMITA.jpg\",\"width\":960,\"height\":1265},{\"@type\":\"BreadcrumbList\",\"@id\":\"https:\\\/\\\/aie-mag.com\\\/it\\\/shop\\\/leisure-pleasure\\\/intimita\\\/#breadcrumb\",\"itemListElement\":[{\"@type\":\"ListItem\",\"position\":1,\"name\":\"Home\",\"item\":\"https:\\\/\\\/aie-mag.com\\\/it\\\/\"},{\"@type\":\"ListItem\",\"position\":2,\"name\":\"Catalogo\",\"item\":\"https:\\\/\\\/aie-mag.com\\\/it\\\/catalogo\\\/\"},{\"@type\":\"ListItem\",\"position\":3,\"name\":\"INTIMIT\u00c0\"}]},{\"@type\":\"WebSite\",\"@id\":\"https:\\\/\\\/aie-mag.com\\\/it\\\/#website\",\"url\":\"https:\\\/\\\/aie-mag.com\\\/it\\\/\",\"name\":\"AIE - Agenzia Italiana di Esportazione\",\"description\":\"Agenzia Italiana di Esportazione\",\"publisher\":{\"@id\":\"https:\\\/\\\/aie-mag.com\\\/it\\\/#organization\"},\"potentialAction\":[{\"@type\":\"SearchAction\",\"target\":{\"@type\":\"EntryPoint\",\"urlTemplate\":\"https:\\\/\\\/aie-mag.com\\\/it\\\/?s={search_term_string}\"},\"query-input\":{\"@type\":\"PropertyValueSpecification\",\"valueRequired\":true,\"valueName\":\"search_term_string\"}}],\"inLanguage\":\"it-IT\"},{\"@type\":\"Organization\",\"@id\":\"https:\\\/\\\/aie-mag.com\\\/it\\\/#organization\",\"name\":\"AIE - Agenzia Italiana di Esportazione\",\"url\":\"https:\\\/\\\/aie-mag.com\\\/it\\\/\",\"logo\":{\"@type\":\"ImageObject\",\"inLanguage\":\"it-IT\",\"@id\":\"https:\\\/\\\/aie-mag.com\\\/it\\\/#\\\/schema\\\/logo\\\/image\\\/\",\"url\":\"https:\\\/\\\/aie-mag.com\\\/wp-content\\\/uploads\\\/2023\\\/03\\\/cropped-Logo-Aie.png\",\"contentUrl\":\"https:\\\/\\\/aie-mag.com\\\/wp-content\\\/uploads\\\/2023\\\/03\\\/cropped-Logo-Aie.png\",\"width\":512,\"height\":342,\"caption\":\"AIE - Agenzia Italiana di Esportazione\"},\"image\":{\"@id\":\"https:\\\/\\\/aie-mag.com\\\/it\\\/#\\\/schema\\\/logo\\\/image\\\/\"}}]}<\/script>\n<!-- \/ Yoast SEO plugin. -->","yoast_head_json":{"title":"INTIMIT\u00c0 - AIE - Agenzia Italiana di Esportazione","robots":{"index":"index","follow":"follow","max-snippet":"max-snippet:-1","max-image-preview":"max-image-preview:large","max-video-preview":"max-video-preview:-1"},"canonical":"https:\/\/aie-mag.com\/it\/shop\/leisure-pleasure\/intimita\/","og_locale":"it_IT","og_type":"article","og_title":"INTIMIT\u00c0 - AIE - Agenzia Italiana di Esportazione","og_description":"Intimit\u00e0 \u00e8 una testata storica, nata nel 1946, che si rivolge a tutte le donne che amano il sogno, l&#8217;evasione dai problemi quotidiani, ma avvertono anche l&#8217;esigenza di servizi di carattere pratico. Intimit\u00e0 \u00e8 il settimanale femminile pi\u00f9 amato letto dalle donne che non hanno paura di vivere i sentimenti, non vogliono rinunciare a sognare, [&hellip;]","og_url":"https:\/\/aie-mag.com\/it\/shop\/leisure-pleasure\/intimita\/","og_site_name":"AIE - Agenzia Italiana di Esportazione","article_modified_time":"2025-11-07T10:59:52+00:00","og_image":[{"width":960,"height":1265,"url":"https:\/\/aie-mag.com\/wp-content\/uploads\/2024\/03\/INTIMITA.jpg","type":"image\/jpeg"}],"twitter_card":"summary_large_image","twitter_misc":{"Tempo di lettura stimato":"1 minuto"},"schema":{"@context":"https:\/\/schema.org","@graph":[{"@type":"WebPage","@id":"https:\/\/aie-mag.com\/it\/shop\/leisure-pleasure\/intimita\/","url":"https:\/\/aie-mag.com\/it\/shop\/leisure-pleasure\/intimita\/","name":"INTIMIT\u00c0 - AIE - Agenzia Italiana di Esportazione","isPartOf":{"@id":"https:\/\/aie-mag.com\/it\/#website"},"primaryImageOfPage":{"@id":"https:\/\/aie-mag.com\/it\/shop\/leisure-pleasure\/intimita\/#primaryimage"},"image":{"@id":"https:\/\/aie-mag.com\/it\/shop\/leisure-pleasure\/intimita\/#primaryimage"},"thumbnailUrl":"https:\/\/aie-mag.com\/wp-content\/uploads\/2024\/03\/INTIMITA.jpg","datePublished":"2024-03-16T20:43:56+00:00","dateModified":"2025-11-07T10:59:52+00:00","breadcrumb":{"@id":"https:\/\/aie-mag.com\/it\/shop\/leisure-pleasure\/intimita\/#breadcrumb"},"inLanguage":"it-IT","potentialAction":[{"@type":"ReadAction","target":["https:\/\/aie-mag.com\/it\/shop\/leisure-pleasure\/intimita\/"]}]},{"@type":"ImageObject","inLanguage":"it-IT","@id":"https:\/\/aie-mag.com\/it\/shop\/leisure-pleasure\/intimita\/#primaryimage","url":"https:\/\/aie-mag.com\/wp-content\/uploads\/2024\/03\/INTIMITA.jpg","contentUrl":"https:\/\/aie-mag.com\/wp-content\/uploads\/2024\/03\/INTIMITA.jpg","width":960,"height":1265},{"@type":"BreadcrumbList","@id":"https:\/\/aie-mag.com\/it\/shop\/leisure-pleasure\/intimita\/#breadcrumb","itemListElement":[{"@type":"ListItem","position":1,"name":"Home","item":"https:\/\/aie-mag.com\/it\/"},{"@type":"ListItem","position":2,"name":"Catalogo","item":"https:\/\/aie-mag.com\/it\/catalogo\/"},{"@type":"ListItem","position":3,"name":"INTIMIT\u00c0"}]},{"@type":"WebSite","@id":"https:\/\/aie-mag.com\/it\/#website","url":"https:\/\/aie-mag.com\/it\/","name":"AIE - Agenzia Italiana di Esportazione","description":"Agenzia Italiana di Esportazione","publisher":{"@id":"https:\/\/aie-mag.com\/it\/#organization"},"potentialAction":[{"@type":"SearchAction","target":{"@type":"EntryPoint","urlTemplate":"https:\/\/aie-mag.com\/it\/?s={search_term_string}"},"query-input":{"@type":"PropertyValueSpecification","valueRequired":true,"valueName":"search_term_string"}}],"inLanguage":"it-IT"},{"@type":"Organization","@id":"https:\/\/aie-mag.com\/it\/#organization","name":"AIE - Agenzia Italiana di Esportazione","url":"https:\/\/aie-mag.com\/it\/","logo":{"@type":"ImageObject","inLanguage":"it-IT","@id":"https:\/\/aie-mag.com\/it\/#\/schema\/logo\/image\/","url":"https:\/\/aie-mag.com\/wp-content\/uploads\/2023\/03\/cropped-Logo-Aie.png","contentUrl":"https:\/\/aie-mag.com\/wp-content\/uploads\/2023\/03\/cropped-Logo-Aie.png","width":512,"height":342,"caption":"AIE - Agenzia Italiana di Esportazione"},"image":{"@id":"https:\/\/aie-mag.com\/it\/#\/schema\/logo\/image\/"}}]}},"_links":{"self":[{"href":"https:\/\/aie-mag.com\/it\/wp-json\/wp\/v2\/product\/4712","targetHints":{"allow":["GET"]}}],"collection":[{"href":"https:\/\/aie-mag.com\/it\/wp-json\/wp\/v2\/product"}],"about":[{"href":"https:\/\/aie-mag.com\/it\/wp-json\/wp\/v2\/types\/product"}],"version-history":[{"count":1,"href":"https:\/\/aie-mag.com\/it\/wp-json\/wp\/v2\/product\/4712\/revisions"}],"predecessor-version":[{"id":5274,"href":"https:\/\/aie-mag.com\/it\/wp-json\/wp\/v2\/product\/4712\/revisions\/5274"}],"wp:featuredmedia":[{"embeddable":true,"href":"https:\/\/aie-mag.com\/it\/wp-json\/wp\/v2\/media\/4794"}],"wp:attachment":[{"href":"https:\/\/aie-mag.com\/it\/wp-json\/wp\/v2\/media?parent=4712"}],"wp:term":[{"taxonomy":"product_brand","embeddable":true,"href":"https:\/\/aie-mag.com\/it\/wp-json\/wp\/v2\/product_brand?post=4712"},{"taxonomy":"product_cat","embeddable":true,"href":"https:\/\/aie-mag.com\/it\/wp-json\/wp\/v2\/product_cat?post=4712"},{"taxonomy":"product_tag","embeddable":true,"href":"https:\/\/aie-mag.com\/it\/wp-json\/wp\/v2\/product_tag?post=4712"}],"curies":[{"name":"wp","href":"https:\/\/api.w.org\/{rel}","templated":true}]}}