{"id":4703,"date":"2024-03-16T20:36:36","date_gmt":"2024-03-16T20:36:36","guid":{"rendered":"https:\/\/aie-mag.comma3.com\/?post_type=product&#038;p=4703"},"modified":"2025-07-30T08:28:07","modified_gmt":"2025-07-30T08:28:07","slug":"top-yacht-design","status":"publish","type":"product","link":"https:\/\/aie-mag.com\/it\/shop\/lifestyle\/top-yacht-design\/","title":{"rendered":"TOP YACHT DESIGN"},"content":{"rendered":"<p>La nautica negli ultimi dieci anni \u00e8 stata al centro di una radicale trasformazione che ha fatto emergere la necessit\u00e0 di mettere sempre pi\u00f9 in evidenza la qualit\u00e0 non solo dei contenuti ma anche dei canali attraverso cui promuoverli. Con questa logica Top Yacht Design nasce non solo come una rivista ma soprattutto come un sistema editoriale che affronta sia sulla carta sia attraverso una piattaforma digitale il tema del design in tutte le sue declinazioni partendo dallo yacht. Una vera e propria lente attraverso la quale esplorare e conoscere pi\u00f9 da vicino i tanti significati che il termine design pu\u00f2 assumere e scoprirne gli infiniti ambiti di applicazione e interazione con altri settori. L\u2019autorevolezza del nuovo sistema editoriale poggia sull\u2019esperienza maturata in oltre 25 anni di attivit\u00e0 da Matteo Zaccagnino che si avvarr\u00e0 delle pi\u00f9 prestigiose firme del settore, per intercettare le esigenze di un\u2019audience sempre pi\u00f9 allargata e alla ricerca di nuovi spunti di riflessione.<\/p>\n<p>&nbsp;<\/p>\n","protected":false},"excerpt":{"rendered":"<p>La nautica negli ultimi dieci anni \u00e8 stata al centro di una radicale trasformazione che ha fatto emergere la necessit\u00e0 di mettere sempre pi\u00f9 in evidenza la qualit\u00e0 non solo dei contenuti ma anche dei canali attraverso cui promuoverli. Con questa logica Top Yacht Design nasce non solo come una rivista ma soprattutto come un [&hellip;]<\/p>\n","protected":false},"featured_media":6346,"template":"","meta":[],"product_brand":[],"product_cat":[94],"product_tag":[],"class_list":{"0":"post-4703","1":"product","2":"type-product","3":"status-publish","4":"has-post-thumbnail","6":"product_cat-lifestyle","8":"first","9":"instock","10":"shipping-taxable","11":"purchasable","12":"product-type-simple"},"yoast_head":"<!-- This site is optimized with the Yoast SEO plugin v27.3 - https:\/\/yoast.com\/product\/yoast-seo-wordpress\/ -->\n<title>TOP YACHT DESIGN - AIE - Agenzia Italiana di Esportazione<\/title>\n<meta name=\"robots\" content=\"index, follow, max-snippet:-1, max-image-preview:large, max-video-preview:-1\" \/>\n<link rel=\"canonical\" href=\"https:\/\/aie-mag.com\/it\/shop\/lifestyle\/top-yacht-design\/\" \/>\n<meta property=\"og:locale\" content=\"it_IT\" \/>\n<meta property=\"og:type\" content=\"article\" \/>\n<meta property=\"og:title\" content=\"TOP YACHT DESIGN - AIE - Agenzia Italiana di Esportazione\" \/>\n<meta property=\"og:description\" content=\"La nautica negli ultimi dieci anni \u00e8 stata al centro di una radicale trasformazione che ha fatto emergere la necessit\u00e0 di mettere sempre pi\u00f9 in evidenza la qualit\u00e0 non solo dei contenuti ma anche dei canali attraverso cui promuoverli. Con questa logica Top Yacht Design nasce non solo come una rivista ma soprattutto come un [&hellip;]\" \/>\n<meta property=\"og:url\" content=\"https:\/\/aie-mag.com\/it\/shop\/lifestyle\/top-yacht-design\/\" \/>\n<meta property=\"og:site_name\" content=\"AIE - Agenzia Italiana di Esportazione\" \/>\n<meta property=\"article:modified_time\" content=\"2025-07-30T08:28:07+00:00\" \/>\n<meta property=\"og:image\" content=\"https:\/\/aie-mag.com\/wp-content\/uploads\/2025\/01\/TOP-YACHT-DESIGN.jpg\" \/>\n\t<meta property=\"og:image:width\" content=\"960\" \/>\n\t<meta property=\"og:image:height\" content=\"1265\" \/>\n\t<meta property=\"og:image:type\" content=\"image\/jpeg\" \/>\n<meta name=\"twitter:card\" content=\"summary_large_image\" \/>\n<meta name=\"twitter:label1\" content=\"Tempo di lettura stimato\" \/>\n\t<meta name=\"twitter:data1\" content=\"1 minuto\" \/>\n<script type=\"application\/ld+json\" class=\"yoast-schema-graph\">{\"@context\":\"https:\\\/\\\/schema.org\",\"@graph\":[{\"@type\":\"WebPage\",\"@id\":\"https:\\\/\\\/aie-mag.com\\\/it\\\/shop\\\/lifestyle\\\/top-yacht-design\\\/\",\"url\":\"https:\\\/\\\/aie-mag.com\\\/it\\\/shop\\\/lifestyle\\\/top-yacht-design\\\/\",\"name\":\"TOP YACHT DESIGN - AIE - Agenzia Italiana di Esportazione\",\"isPartOf\":{\"@id\":\"https:\\\/\\\/aie-mag.com\\\/it\\\/#website\"},\"primaryImageOfPage\":{\"@id\":\"https:\\\/\\\/aie-mag.com\\\/it\\\/shop\\\/lifestyle\\\/top-yacht-design\\\/#primaryimage\"},\"image\":{\"@id\":\"https:\\\/\\\/aie-mag.com\\\/it\\\/shop\\\/lifestyle\\\/top-yacht-design\\\/#primaryimage\"},\"thumbnailUrl\":\"https:\\\/\\\/aie-mag.com\\\/wp-content\\\/uploads\\\/2025\\\/01\\\/TOP-YACHT-DESIGN.jpg\",\"datePublished\":\"2024-03-16T20:36:36+00:00\",\"dateModified\":\"2025-07-30T08:28:07+00:00\",\"breadcrumb\":{\"@id\":\"https:\\\/\\\/aie-mag.com\\\/it\\\/shop\\\/lifestyle\\\/top-yacht-design\\\/#breadcrumb\"},\"inLanguage\":\"it-IT\",\"potentialAction\":[{\"@type\":\"ReadAction\",\"target\":[\"https:\\\/\\\/aie-mag.com\\\/it\\\/shop\\\/lifestyle\\\/top-yacht-design\\\/\"]}]},{\"@type\":\"ImageObject\",\"inLanguage\":\"it-IT\",\"@id\":\"https:\\\/\\\/aie-mag.com\\\/it\\\/shop\\\/lifestyle\\\/top-yacht-design\\\/#primaryimage\",\"url\":\"https:\\\/\\\/aie-mag.com\\\/wp-content\\\/uploads\\\/2025\\\/01\\\/TOP-YACHT-DESIGN.jpg\",\"contentUrl\":\"https:\\\/\\\/aie-mag.com\\\/wp-content\\\/uploads\\\/2025\\\/01\\\/TOP-YACHT-DESIGN.jpg\",\"width\":960,\"height\":1265},{\"@type\":\"BreadcrumbList\",\"@id\":\"https:\\\/\\\/aie-mag.com\\\/it\\\/shop\\\/lifestyle\\\/top-yacht-design\\\/#breadcrumb\",\"itemListElement\":[{\"@type\":\"ListItem\",\"position\":1,\"name\":\"Home\",\"item\":\"https:\\\/\\\/aie-mag.com\\\/it\\\/\"},{\"@type\":\"ListItem\",\"position\":2,\"name\":\"Catalogo\",\"item\":\"https:\\\/\\\/aie-mag.com\\\/it\\\/catalogo\\\/\"},{\"@type\":\"ListItem\",\"position\":3,\"name\":\"TOP YACHT DESIGN\"}]},{\"@type\":\"WebSite\",\"@id\":\"https:\\\/\\\/aie-mag.com\\\/it\\\/#website\",\"url\":\"https:\\\/\\\/aie-mag.com\\\/it\\\/\",\"name\":\"AIE - Agenzia Italiana di Esportazione\",\"description\":\"Agenzia Italiana di Esportazione\",\"publisher\":{\"@id\":\"https:\\\/\\\/aie-mag.com\\\/it\\\/#organization\"},\"potentialAction\":[{\"@type\":\"SearchAction\",\"target\":{\"@type\":\"EntryPoint\",\"urlTemplate\":\"https:\\\/\\\/aie-mag.com\\\/it\\\/?s={search_term_string}\"},\"query-input\":{\"@type\":\"PropertyValueSpecification\",\"valueRequired\":true,\"valueName\":\"search_term_string\"}}],\"inLanguage\":\"it-IT\"},{\"@type\":\"Organization\",\"@id\":\"https:\\\/\\\/aie-mag.com\\\/it\\\/#organization\",\"name\":\"AIE - Agenzia Italiana di Esportazione\",\"url\":\"https:\\\/\\\/aie-mag.com\\\/it\\\/\",\"logo\":{\"@type\":\"ImageObject\",\"inLanguage\":\"it-IT\",\"@id\":\"https:\\\/\\\/aie-mag.com\\\/it\\\/#\\\/schema\\\/logo\\\/image\\\/\",\"url\":\"https:\\\/\\\/aie-mag.com\\\/wp-content\\\/uploads\\\/2023\\\/03\\\/cropped-Logo-Aie.png\",\"contentUrl\":\"https:\\\/\\\/aie-mag.com\\\/wp-content\\\/uploads\\\/2023\\\/03\\\/cropped-Logo-Aie.png\",\"width\":512,\"height\":342,\"caption\":\"AIE - Agenzia Italiana di Esportazione\"},\"image\":{\"@id\":\"https:\\\/\\\/aie-mag.com\\\/it\\\/#\\\/schema\\\/logo\\\/image\\\/\"}}]}<\/script>\n<!-- \/ Yoast SEO plugin. -->","yoast_head_json":{"title":"TOP YACHT DESIGN - AIE - Agenzia Italiana di Esportazione","robots":{"index":"index","follow":"follow","max-snippet":"max-snippet:-1","max-image-preview":"max-image-preview:large","max-video-preview":"max-video-preview:-1"},"canonical":"https:\/\/aie-mag.com\/it\/shop\/lifestyle\/top-yacht-design\/","og_locale":"it_IT","og_type":"article","og_title":"TOP YACHT DESIGN - AIE - Agenzia Italiana di Esportazione","og_description":"La nautica negli ultimi dieci anni \u00e8 stata al centro di una radicale trasformazione che ha fatto emergere la necessit\u00e0 di mettere sempre pi\u00f9 in evidenza la qualit\u00e0 non solo dei contenuti ma anche dei canali attraverso cui promuoverli. Con questa logica Top Yacht Design nasce non solo come una rivista ma soprattutto come un [&hellip;]","og_url":"https:\/\/aie-mag.com\/it\/shop\/lifestyle\/top-yacht-design\/","og_site_name":"AIE - Agenzia Italiana di Esportazione","article_modified_time":"2025-07-30T08:28:07+00:00","og_image":[{"width":960,"height":1265,"url":"https:\/\/aie-mag.com\/wp-content\/uploads\/2025\/01\/TOP-YACHT-DESIGN.jpg","type":"image\/jpeg"}],"twitter_card":"summary_large_image","twitter_misc":{"Tempo di lettura stimato":"1 minuto"},"schema":{"@context":"https:\/\/schema.org","@graph":[{"@type":"WebPage","@id":"https:\/\/aie-mag.com\/it\/shop\/lifestyle\/top-yacht-design\/","url":"https:\/\/aie-mag.com\/it\/shop\/lifestyle\/top-yacht-design\/","name":"TOP YACHT DESIGN - AIE - Agenzia Italiana di Esportazione","isPartOf":{"@id":"https:\/\/aie-mag.com\/it\/#website"},"primaryImageOfPage":{"@id":"https:\/\/aie-mag.com\/it\/shop\/lifestyle\/top-yacht-design\/#primaryimage"},"image":{"@id":"https:\/\/aie-mag.com\/it\/shop\/lifestyle\/top-yacht-design\/#primaryimage"},"thumbnailUrl":"https:\/\/aie-mag.com\/wp-content\/uploads\/2025\/01\/TOP-YACHT-DESIGN.jpg","datePublished":"2024-03-16T20:36:36+00:00","dateModified":"2025-07-30T08:28:07+00:00","breadcrumb":{"@id":"https:\/\/aie-mag.com\/it\/shop\/lifestyle\/top-yacht-design\/#breadcrumb"},"inLanguage":"it-IT","potentialAction":[{"@type":"ReadAction","target":["https:\/\/aie-mag.com\/it\/shop\/lifestyle\/top-yacht-design\/"]}]},{"@type":"ImageObject","inLanguage":"it-IT","@id":"https:\/\/aie-mag.com\/it\/shop\/lifestyle\/top-yacht-design\/#primaryimage","url":"https:\/\/aie-mag.com\/wp-content\/uploads\/2025\/01\/TOP-YACHT-DESIGN.jpg","contentUrl":"https:\/\/aie-mag.com\/wp-content\/uploads\/2025\/01\/TOP-YACHT-DESIGN.jpg","width":960,"height":1265},{"@type":"BreadcrumbList","@id":"https:\/\/aie-mag.com\/it\/shop\/lifestyle\/top-yacht-design\/#breadcrumb","itemListElement":[{"@type":"ListItem","position":1,"name":"Home","item":"https:\/\/aie-mag.com\/it\/"},{"@type":"ListItem","position":2,"name":"Catalogo","item":"https:\/\/aie-mag.com\/it\/catalogo\/"},{"@type":"ListItem","position":3,"name":"TOP YACHT DESIGN"}]},{"@type":"WebSite","@id":"https:\/\/aie-mag.com\/it\/#website","url":"https:\/\/aie-mag.com\/it\/","name":"AIE - Agenzia Italiana di Esportazione","description":"Agenzia Italiana di Esportazione","publisher":{"@id":"https:\/\/aie-mag.com\/it\/#organization"},"potentialAction":[{"@type":"SearchAction","target":{"@type":"EntryPoint","urlTemplate":"https:\/\/aie-mag.com\/it\/?s={search_term_string}"},"query-input":{"@type":"PropertyValueSpecification","valueRequired":true,"valueName":"search_term_string"}}],"inLanguage":"it-IT"},{"@type":"Organization","@id":"https:\/\/aie-mag.com\/it\/#organization","name":"AIE - Agenzia Italiana di Esportazione","url":"https:\/\/aie-mag.com\/it\/","logo":{"@type":"ImageObject","inLanguage":"it-IT","@id":"https:\/\/aie-mag.com\/it\/#\/schema\/logo\/image\/","url":"https:\/\/aie-mag.com\/wp-content\/uploads\/2023\/03\/cropped-Logo-Aie.png","contentUrl":"https:\/\/aie-mag.com\/wp-content\/uploads\/2023\/03\/cropped-Logo-Aie.png","width":512,"height":342,"caption":"AIE - Agenzia Italiana di Esportazione"},"image":{"@id":"https:\/\/aie-mag.com\/it\/#\/schema\/logo\/image\/"}}]}},"_links":{"self":[{"href":"https:\/\/aie-mag.com\/it\/wp-json\/wp\/v2\/product\/4703","targetHints":{"allow":["GET"]}}],"collection":[{"href":"https:\/\/aie-mag.com\/it\/wp-json\/wp\/v2\/product"}],"about":[{"href":"https:\/\/aie-mag.com\/it\/wp-json\/wp\/v2\/types\/product"}],"version-history":[{"count":1,"href":"https:\/\/aie-mag.com\/it\/wp-json\/wp\/v2\/product\/4703\/revisions"}],"predecessor-version":[{"id":5272,"href":"https:\/\/aie-mag.com\/it\/wp-json\/wp\/v2\/product\/4703\/revisions\/5272"}],"wp:featuredmedia":[{"embeddable":true,"href":"https:\/\/aie-mag.com\/it\/wp-json\/wp\/v2\/media\/6346"}],"wp:attachment":[{"href":"https:\/\/aie-mag.com\/it\/wp-json\/wp\/v2\/media?parent=4703"}],"wp:term":[{"taxonomy":"product_brand","embeddable":true,"href":"https:\/\/aie-mag.com\/it\/wp-json\/wp\/v2\/product_brand?post=4703"},{"taxonomy":"product_cat","embeddable":true,"href":"https:\/\/aie-mag.com\/it\/wp-json\/wp\/v2\/product_cat?post=4703"},{"taxonomy":"product_tag","embeddable":true,"href":"https:\/\/aie-mag.com\/it\/wp-json\/wp\/v2\/product_tag?post=4703"}],"curies":[{"name":"wp","href":"https:\/\/api.w.org\/{rel}","templated":true}]}}