{"id":4675,"date":"2024-03-16T15:05:51","date_gmt":"2024-03-16T15:05:51","guid":{"rendered":"https:\/\/aie-mag.comma3.com\/?post_type=product&#038;p=4675"},"modified":"2025-11-07T11:02:57","modified_gmt":"2025-11-07T11:02:57","slug":"vogue-italia","status":"publish","type":"product","link":"https:\/\/aie-mag.com\/it\/shop\/fashion\/vogue-italia\/","title":{"rendered":"VOGUE ITALIA"},"content":{"rendered":"<p>Nasce nel 1965. VOGUE ITALIA \u00e8 l&#8217;osservatorio privilegiato della moda e del costume nel mondo di cui con lo stile unico e graffiante che la caratterizza anticipa e suggella tutte le tendenze. Immagini realizzate dai pi\u00f9 celebri fotografi, atmosfere di sottile seduzione e grande ricercatezza, testi affidati a firme prestigiose, una veste grafica assolutamente di avanguardia sono i punti di forza di VOGUE ITALIA. Top model che impersonano la femminilit\u00e0 pi\u00f9 moderna, quella che poi far\u00e0 testo per il pi\u00f9 vasto pubblico, gli ultimi trends della moda e del costume, splendidi servizi dedicati alla bellezza e al make-up, firmati dai maggiori esperti del settore, viaggi elitari e itinerari straordinari sconosciuti ai pi\u00f9, le localit\u00e0 pi\u00f9 up-to-date, percorsi letterari e di stile, interiors esclusivi e residenze raffinate, vip e star che si raccontano in veste inedita, gossip e interviste, eventi e fenomeni che faranno tendenza, feste, opening e social life tutto questo \u00e8 VOGUE ITALIA, la pi\u00f9 autorevole, sofisticata, provocatoria, elegante testata di moda femminile in Italia, forse nel mondo. VOGUE ITALIA, distribuito internazionalmente, \u00e8 un mezzo di comunicazione irrinunciabile per quanti operano nel mondo della moda, di cui costituisce la voce e il simbolo per eccellenza. VOGUE ITALIA, espressione dello stile e del gusto, si rivolge ad un pubblico sempre pi\u00f9 vasto, di amanti dello chic, del lusso, dell&#8217;eccentricit\u00e0, ma anche della raffinata semplicit\u00e0.<\/p>\n","protected":false},"excerpt":{"rendered":"<p>Nasce nel 1965. VOGUE ITALIA \u00e8 l&#8217;osservatorio privilegiato della moda e del costume nel mondo di cui con lo stile unico e graffiante che la caratterizza anticipa e suggella tutte le tendenze. Immagini realizzate dai pi\u00f9 celebri fotografi, atmosfere di sottile seduzione e grande ricercatezza, testi affidati a firme prestigiose, una veste grafica assolutamente di [&hellip;]<\/p>\n","protected":false},"featured_media":6430,"template":"","meta":[],"product_brand":[],"product_cat":[92],"product_tag":[],"class_list":{"0":"post-4675","1":"product","2":"type-product","3":"status-publish","4":"has-post-thumbnail","6":"product_cat-fashion","8":"first","9":"instock","10":"shipping-taxable","11":"purchasable","12":"product-type-simple"},"yoast_head":"<!-- This site is optimized with the Yoast SEO plugin v27.3 - https:\/\/yoast.com\/product\/yoast-seo-wordpress\/ -->\n<title>VOGUE ITALIA - AIE - Agenzia Italiana di Esportazione<\/title>\n<meta name=\"robots\" content=\"index, follow, max-snippet:-1, max-image-preview:large, max-video-preview:-1\" \/>\n<link rel=\"canonical\" href=\"https:\/\/aie-mag.com\/it\/shop\/fashion\/vogue-italia\/\" \/>\n<meta property=\"og:locale\" content=\"it_IT\" \/>\n<meta property=\"og:type\" content=\"article\" \/>\n<meta property=\"og:title\" content=\"VOGUE ITALIA - AIE - Agenzia Italiana di Esportazione\" \/>\n<meta property=\"og:description\" content=\"Nasce nel 1965. VOGUE ITALIA \u00e8 l&#8217;osservatorio privilegiato della moda e del costume nel mondo di cui con lo stile unico e graffiante che la caratterizza anticipa e suggella tutte le tendenze. Immagini realizzate dai pi\u00f9 celebri fotografi, atmosfere di sottile seduzione e grande ricercatezza, testi affidati a firme prestigiose, una veste grafica assolutamente di [&hellip;]\" \/>\n<meta property=\"og:url\" content=\"https:\/\/aie-mag.com\/it\/shop\/fashion\/vogue-italia\/\" \/>\n<meta property=\"og:site_name\" content=\"AIE - Agenzia Italiana di Esportazione\" \/>\n<meta property=\"article:modified_time\" content=\"2025-11-07T11:02:57+00:00\" \/>\n<meta property=\"og:image\" content=\"https:\/\/aie-mag.com\/wp-content\/uploads\/2024\/03\/VOGUE-ITALIA-1.jpg\" \/>\n\t<meta property=\"og:image:width\" content=\"960\" \/>\n\t<meta property=\"og:image:height\" content=\"1265\" \/>\n\t<meta property=\"og:image:type\" content=\"image\/jpeg\" \/>\n<meta name=\"twitter:card\" content=\"summary_large_image\" \/>\n<meta name=\"twitter:label1\" content=\"Tempo di lettura stimato\" \/>\n\t<meta name=\"twitter:data1\" content=\"2 minuti\" \/>\n<script type=\"application\/ld+json\" class=\"yoast-schema-graph\">{\"@context\":\"https:\\\/\\\/schema.org\",\"@graph\":[{\"@type\":\"WebPage\",\"@id\":\"https:\\\/\\\/aie-mag.com\\\/it\\\/shop\\\/fashion\\\/vogue-italia\\\/\",\"url\":\"https:\\\/\\\/aie-mag.com\\\/it\\\/shop\\\/fashion\\\/vogue-italia\\\/\",\"name\":\"VOGUE ITALIA - AIE - Agenzia Italiana di Esportazione\",\"isPartOf\":{\"@id\":\"https:\\\/\\\/aie-mag.com\\\/it\\\/#website\"},\"primaryImageOfPage\":{\"@id\":\"https:\\\/\\\/aie-mag.com\\\/it\\\/shop\\\/fashion\\\/vogue-italia\\\/#primaryimage\"},\"image\":{\"@id\":\"https:\\\/\\\/aie-mag.com\\\/it\\\/shop\\\/fashion\\\/vogue-italia\\\/#primaryimage\"},\"thumbnailUrl\":\"https:\\\/\\\/aie-mag.com\\\/wp-content\\\/uploads\\\/2024\\\/03\\\/VOGUE-ITALIA-1.jpg\",\"datePublished\":\"2024-03-16T15:05:51+00:00\",\"dateModified\":\"2025-11-07T11:02:57+00:00\",\"breadcrumb\":{\"@id\":\"https:\\\/\\\/aie-mag.com\\\/it\\\/shop\\\/fashion\\\/vogue-italia\\\/#breadcrumb\"},\"inLanguage\":\"it-IT\",\"potentialAction\":[{\"@type\":\"ReadAction\",\"target\":[\"https:\\\/\\\/aie-mag.com\\\/it\\\/shop\\\/fashion\\\/vogue-italia\\\/\"]}]},{\"@type\":\"ImageObject\",\"inLanguage\":\"it-IT\",\"@id\":\"https:\\\/\\\/aie-mag.com\\\/it\\\/shop\\\/fashion\\\/vogue-italia\\\/#primaryimage\",\"url\":\"https:\\\/\\\/aie-mag.com\\\/wp-content\\\/uploads\\\/2024\\\/03\\\/VOGUE-ITALIA-1.jpg\",\"contentUrl\":\"https:\\\/\\\/aie-mag.com\\\/wp-content\\\/uploads\\\/2024\\\/03\\\/VOGUE-ITALIA-1.jpg\",\"width\":960,\"height\":1265},{\"@type\":\"BreadcrumbList\",\"@id\":\"https:\\\/\\\/aie-mag.com\\\/it\\\/shop\\\/fashion\\\/vogue-italia\\\/#breadcrumb\",\"itemListElement\":[{\"@type\":\"ListItem\",\"position\":1,\"name\":\"Home\",\"item\":\"https:\\\/\\\/aie-mag.com\\\/it\\\/\"},{\"@type\":\"ListItem\",\"position\":2,\"name\":\"Catalogo\",\"item\":\"https:\\\/\\\/aie-mag.com\\\/it\\\/catalogo\\\/\"},{\"@type\":\"ListItem\",\"position\":3,\"name\":\"VOGUE ITALIA\"}]},{\"@type\":\"WebSite\",\"@id\":\"https:\\\/\\\/aie-mag.com\\\/it\\\/#website\",\"url\":\"https:\\\/\\\/aie-mag.com\\\/it\\\/\",\"name\":\"AIE - Agenzia Italiana di Esportazione\",\"description\":\"Agenzia Italiana di Esportazione\",\"publisher\":{\"@id\":\"https:\\\/\\\/aie-mag.com\\\/it\\\/#organization\"},\"potentialAction\":[{\"@type\":\"SearchAction\",\"target\":{\"@type\":\"EntryPoint\",\"urlTemplate\":\"https:\\\/\\\/aie-mag.com\\\/it\\\/?s={search_term_string}\"},\"query-input\":{\"@type\":\"PropertyValueSpecification\",\"valueRequired\":true,\"valueName\":\"search_term_string\"}}],\"inLanguage\":\"it-IT\"},{\"@type\":\"Organization\",\"@id\":\"https:\\\/\\\/aie-mag.com\\\/it\\\/#organization\",\"name\":\"AIE - Agenzia Italiana di Esportazione\",\"url\":\"https:\\\/\\\/aie-mag.com\\\/it\\\/\",\"logo\":{\"@type\":\"ImageObject\",\"inLanguage\":\"it-IT\",\"@id\":\"https:\\\/\\\/aie-mag.com\\\/it\\\/#\\\/schema\\\/logo\\\/image\\\/\",\"url\":\"https:\\\/\\\/aie-mag.com\\\/wp-content\\\/uploads\\\/2023\\\/03\\\/cropped-Logo-Aie.png\",\"contentUrl\":\"https:\\\/\\\/aie-mag.com\\\/wp-content\\\/uploads\\\/2023\\\/03\\\/cropped-Logo-Aie.png\",\"width\":512,\"height\":342,\"caption\":\"AIE - Agenzia Italiana di Esportazione\"},\"image\":{\"@id\":\"https:\\\/\\\/aie-mag.com\\\/it\\\/#\\\/schema\\\/logo\\\/image\\\/\"}}]}<\/script>\n<!-- \/ Yoast SEO plugin. -->","yoast_head_json":{"title":"VOGUE ITALIA - AIE - Agenzia Italiana di Esportazione","robots":{"index":"index","follow":"follow","max-snippet":"max-snippet:-1","max-image-preview":"max-image-preview:large","max-video-preview":"max-video-preview:-1"},"canonical":"https:\/\/aie-mag.com\/it\/shop\/fashion\/vogue-italia\/","og_locale":"it_IT","og_type":"article","og_title":"VOGUE ITALIA - AIE - Agenzia Italiana di Esportazione","og_description":"Nasce nel 1965. VOGUE ITALIA \u00e8 l&#8217;osservatorio privilegiato della moda e del costume nel mondo di cui con lo stile unico e graffiante che la caratterizza anticipa e suggella tutte le tendenze. Immagini realizzate dai pi\u00f9 celebri fotografi, atmosfere di sottile seduzione e grande ricercatezza, testi affidati a firme prestigiose, una veste grafica assolutamente di [&hellip;]","og_url":"https:\/\/aie-mag.com\/it\/shop\/fashion\/vogue-italia\/","og_site_name":"AIE - Agenzia Italiana di Esportazione","article_modified_time":"2025-11-07T11:02:57+00:00","og_image":[{"width":960,"height":1265,"url":"https:\/\/aie-mag.com\/wp-content\/uploads\/2024\/03\/VOGUE-ITALIA-1.jpg","type":"image\/jpeg"}],"twitter_card":"summary_large_image","twitter_misc":{"Tempo di lettura stimato":"2 minuti"},"schema":{"@context":"https:\/\/schema.org","@graph":[{"@type":"WebPage","@id":"https:\/\/aie-mag.com\/it\/shop\/fashion\/vogue-italia\/","url":"https:\/\/aie-mag.com\/it\/shop\/fashion\/vogue-italia\/","name":"VOGUE ITALIA - AIE - Agenzia Italiana di Esportazione","isPartOf":{"@id":"https:\/\/aie-mag.com\/it\/#website"},"primaryImageOfPage":{"@id":"https:\/\/aie-mag.com\/it\/shop\/fashion\/vogue-italia\/#primaryimage"},"image":{"@id":"https:\/\/aie-mag.com\/it\/shop\/fashion\/vogue-italia\/#primaryimage"},"thumbnailUrl":"https:\/\/aie-mag.com\/wp-content\/uploads\/2024\/03\/VOGUE-ITALIA-1.jpg","datePublished":"2024-03-16T15:05:51+00:00","dateModified":"2025-11-07T11:02:57+00:00","breadcrumb":{"@id":"https:\/\/aie-mag.com\/it\/shop\/fashion\/vogue-italia\/#breadcrumb"},"inLanguage":"it-IT","potentialAction":[{"@type":"ReadAction","target":["https:\/\/aie-mag.com\/it\/shop\/fashion\/vogue-italia\/"]}]},{"@type":"ImageObject","inLanguage":"it-IT","@id":"https:\/\/aie-mag.com\/it\/shop\/fashion\/vogue-italia\/#primaryimage","url":"https:\/\/aie-mag.com\/wp-content\/uploads\/2024\/03\/VOGUE-ITALIA-1.jpg","contentUrl":"https:\/\/aie-mag.com\/wp-content\/uploads\/2024\/03\/VOGUE-ITALIA-1.jpg","width":960,"height":1265},{"@type":"BreadcrumbList","@id":"https:\/\/aie-mag.com\/it\/shop\/fashion\/vogue-italia\/#breadcrumb","itemListElement":[{"@type":"ListItem","position":1,"name":"Home","item":"https:\/\/aie-mag.com\/it\/"},{"@type":"ListItem","position":2,"name":"Catalogo","item":"https:\/\/aie-mag.com\/it\/catalogo\/"},{"@type":"ListItem","position":3,"name":"VOGUE ITALIA"}]},{"@type":"WebSite","@id":"https:\/\/aie-mag.com\/it\/#website","url":"https:\/\/aie-mag.com\/it\/","name":"AIE - Agenzia Italiana di Esportazione","description":"Agenzia Italiana di Esportazione","publisher":{"@id":"https:\/\/aie-mag.com\/it\/#organization"},"potentialAction":[{"@type":"SearchAction","target":{"@type":"EntryPoint","urlTemplate":"https:\/\/aie-mag.com\/it\/?s={search_term_string}"},"query-input":{"@type":"PropertyValueSpecification","valueRequired":true,"valueName":"search_term_string"}}],"inLanguage":"it-IT"},{"@type":"Organization","@id":"https:\/\/aie-mag.com\/it\/#organization","name":"AIE - Agenzia Italiana di Esportazione","url":"https:\/\/aie-mag.com\/it\/","logo":{"@type":"ImageObject","inLanguage":"it-IT","@id":"https:\/\/aie-mag.com\/it\/#\/schema\/logo\/image\/","url":"https:\/\/aie-mag.com\/wp-content\/uploads\/2023\/03\/cropped-Logo-Aie.png","contentUrl":"https:\/\/aie-mag.com\/wp-content\/uploads\/2023\/03\/cropped-Logo-Aie.png","width":512,"height":342,"caption":"AIE - Agenzia Italiana di Esportazione"},"image":{"@id":"https:\/\/aie-mag.com\/it\/#\/schema\/logo\/image\/"}}]}},"_links":{"self":[{"href":"https:\/\/aie-mag.com\/it\/wp-json\/wp\/v2\/product\/4675","targetHints":{"allow":["GET"]}}],"collection":[{"href":"https:\/\/aie-mag.com\/it\/wp-json\/wp\/v2\/product"}],"about":[{"href":"https:\/\/aie-mag.com\/it\/wp-json\/wp\/v2\/types\/product"}],"version-history":[{"count":1,"href":"https:\/\/aie-mag.com\/it\/wp-json\/wp\/v2\/product\/4675\/revisions"}],"predecessor-version":[{"id":5559,"href":"https:\/\/aie-mag.com\/it\/wp-json\/wp\/v2\/product\/4675\/revisions\/5559"}],"wp:featuredmedia":[{"embeddable":true,"href":"https:\/\/aie-mag.com\/it\/wp-json\/wp\/v2\/media\/6430"}],"wp:attachment":[{"href":"https:\/\/aie-mag.com\/it\/wp-json\/wp\/v2\/media?parent=4675"}],"wp:term":[{"taxonomy":"product_brand","embeddable":true,"href":"https:\/\/aie-mag.com\/it\/wp-json\/wp\/v2\/product_brand?post=4675"},{"taxonomy":"product_cat","embeddable":true,"href":"https:\/\/aie-mag.com\/it\/wp-json\/wp\/v2\/product_cat?post=4675"},{"taxonomy":"product_tag","embeddable":true,"href":"https:\/\/aie-mag.com\/it\/wp-json\/wp\/v2\/product_tag?post=4675"}],"curies":[{"name":"wp","href":"https:\/\/api.w.org\/{rel}","templated":true}]}}