{"id":4650,"date":"2024-03-16T10:03:09","date_gmt":"2024-03-16T10:03:09","guid":{"rendered":"https:\/\/aie-mag.comma3.com\/shop\/senza-categoria\/precollections-city-milan-ny\/"},"modified":"2025-11-07T13:40:27","modified_gmt":"2025-11-07T13:40:27","slug":"precollections-city-milan-ny","status":"publish","type":"product","link":"https:\/\/aie-mag.com\/it\/shop\/fashion\/precollections-city-milan-ny\/","title":{"rendered":"PRECOLLECTIONS CITY \u2013 MILAN + NY"},"content":{"rendered":"<p>PRECOLLECTIONS CITY \u00e8 la nuova serie di magazine che raccolgono i capi delle pre-collezioni donna delle migliori griffe internazionali suddivisi per citt\u00e0: Milan, Paris, New York &amp; London. Due volte l\u2019anno i fashion designer producono e presentano ai buyer pi\u00f9 importanti una collezione completa denominata appunto pre-collezione perch\u00e9 arriva in anticipo rispetto alla collezione ufficiale. Fresca, veloce e ricca di spunti interessanti, la pre-collezione contiene tutte le idee che il designer svilupper\u00e0 successivamente nella collezione di stagione ma soprattutto rappresenta ci\u00f2 che realmente giunger\u00e0 nei punti vendita. Per la prima volta al mondo un magazine presenta al grande pubblico quello che soltanto un gruppo ristretto di buyer ha potuto ammirare negli showroom delle maison. Un formato notevole e foto di altissima qualit\u00e0 focalizzate sui capi pi\u00f9 significativi per la stagione rendono precollections uno strumento di lavoro estremamente utile per designer e creativi.<\/p>\n","protected":false},"excerpt":{"rendered":"<p>PRECOLLECTIONS CITY \u00e8 la nuova serie di magazine che raccolgono i capi delle pre-collezioni donna delle migliori griffe internazionali suddivisi per citt\u00e0: Milan, Paris, New York &amp; London. Due volte l\u2019anno i fashion designer producono e presentano ai buyer pi\u00f9 importanti una collezione completa denominata appunto pre-collezione perch\u00e9 arriva in anticipo rispetto alla collezione ufficiale. [&hellip;]<\/p>\n","protected":false},"featured_media":6455,"template":"","meta":[],"product_brand":[],"product_cat":[92],"product_tag":[],"class_list":{"0":"post-4650","1":"product","2":"type-product","3":"status-publish","4":"has-post-thumbnail","6":"product_cat-fashion","8":"first","9":"instock","10":"shipping-taxable","11":"purchasable","12":"product-type-simple"},"yoast_head":"<!-- This site is optimized with the Yoast SEO plugin v27.3 - https:\/\/yoast.com\/product\/yoast-seo-wordpress\/ -->\n<title>PRECOLLECTIONS CITY \u2013 MILAN + NY - AIE - Agenzia Italiana di Esportazione<\/title>\n<meta name=\"robots\" content=\"index, follow, max-snippet:-1, max-image-preview:large, max-video-preview:-1\" \/>\n<link rel=\"canonical\" href=\"https:\/\/aie-mag.com\/it\/shop\/fashion\/precollections-city-milan-ny\/\" \/>\n<meta property=\"og:locale\" content=\"it_IT\" \/>\n<meta property=\"og:type\" content=\"article\" \/>\n<meta property=\"og:title\" content=\"PRECOLLECTIONS CITY \u2013 MILAN + NY - AIE - Agenzia Italiana di Esportazione\" \/>\n<meta property=\"og:description\" content=\"PRECOLLECTIONS CITY \u00e8 la nuova serie di magazine che raccolgono i capi delle pre-collezioni donna delle migliori griffe internazionali suddivisi per citt\u00e0: Milan, Paris, New York &amp; London. Due volte l\u2019anno i fashion designer producono e presentano ai buyer pi\u00f9 importanti una collezione completa denominata appunto pre-collezione perch\u00e9 arriva in anticipo rispetto alla collezione ufficiale. [&hellip;]\" \/>\n<meta property=\"og:url\" content=\"https:\/\/aie-mag.com\/it\/shop\/fashion\/precollections-city-milan-ny\/\" \/>\n<meta property=\"og:site_name\" content=\"AIE - Agenzia Italiana di Esportazione\" \/>\n<meta property=\"article:modified_time\" content=\"2025-11-07T13:40:27+00:00\" \/>\n<meta property=\"og:image\" content=\"https:\/\/aie-mag.com\/wp-content\/uploads\/2024\/03\/PRECOLLECTION-MI-NY-1.jpg\" \/>\n\t<meta property=\"og:image:width\" content=\"960\" \/>\n\t<meta property=\"og:image:height\" content=\"1265\" \/>\n\t<meta property=\"og:image:type\" content=\"image\/jpeg\" \/>\n<meta name=\"twitter:card\" content=\"summary_large_image\" \/>\n<meta name=\"twitter:label1\" content=\"Tempo di lettura stimato\" \/>\n\t<meta name=\"twitter:data1\" content=\"1 minuto\" \/>\n<script type=\"application\/ld+json\" class=\"yoast-schema-graph\">{\"@context\":\"https:\\\/\\\/schema.org\",\"@graph\":[{\"@type\":\"WebPage\",\"@id\":\"https:\\\/\\\/aie-mag.com\\\/it\\\/shop\\\/fashion\\\/precollections-city-milan-ny\\\/\",\"url\":\"https:\\\/\\\/aie-mag.com\\\/it\\\/shop\\\/fashion\\\/precollections-city-milan-ny\\\/\",\"name\":\"PRECOLLECTIONS CITY \u2013 MILAN + NY - AIE - Agenzia Italiana di Esportazione\",\"isPartOf\":{\"@id\":\"https:\\\/\\\/aie-mag.com\\\/it\\\/#website\"},\"primaryImageOfPage\":{\"@id\":\"https:\\\/\\\/aie-mag.com\\\/it\\\/shop\\\/fashion\\\/precollections-city-milan-ny\\\/#primaryimage\"},\"image\":{\"@id\":\"https:\\\/\\\/aie-mag.com\\\/it\\\/shop\\\/fashion\\\/precollections-city-milan-ny\\\/#primaryimage\"},\"thumbnailUrl\":\"https:\\\/\\\/aie-mag.com\\\/wp-content\\\/uploads\\\/2024\\\/03\\\/PRECOLLECTION-MI-NY-1.jpg\",\"datePublished\":\"2024-03-16T10:03:09+00:00\",\"dateModified\":\"2025-11-07T13:40:27+00:00\",\"breadcrumb\":{\"@id\":\"https:\\\/\\\/aie-mag.com\\\/it\\\/shop\\\/fashion\\\/precollections-city-milan-ny\\\/#breadcrumb\"},\"inLanguage\":\"it-IT\",\"potentialAction\":[{\"@type\":\"ReadAction\",\"target\":[\"https:\\\/\\\/aie-mag.com\\\/it\\\/shop\\\/fashion\\\/precollections-city-milan-ny\\\/\"]}]},{\"@type\":\"ImageObject\",\"inLanguage\":\"it-IT\",\"@id\":\"https:\\\/\\\/aie-mag.com\\\/it\\\/shop\\\/fashion\\\/precollections-city-milan-ny\\\/#primaryimage\",\"url\":\"https:\\\/\\\/aie-mag.com\\\/wp-content\\\/uploads\\\/2024\\\/03\\\/PRECOLLECTION-MI-NY-1.jpg\",\"contentUrl\":\"https:\\\/\\\/aie-mag.com\\\/wp-content\\\/uploads\\\/2024\\\/03\\\/PRECOLLECTION-MI-NY-1.jpg\",\"width\":960,\"height\":1265},{\"@type\":\"BreadcrumbList\",\"@id\":\"https:\\\/\\\/aie-mag.com\\\/it\\\/shop\\\/fashion\\\/precollections-city-milan-ny\\\/#breadcrumb\",\"itemListElement\":[{\"@type\":\"ListItem\",\"position\":1,\"name\":\"Home\",\"item\":\"https:\\\/\\\/aie-mag.com\\\/it\\\/\"},{\"@type\":\"ListItem\",\"position\":2,\"name\":\"Catalogo\",\"item\":\"https:\\\/\\\/aie-mag.com\\\/it\\\/catalogo\\\/\"},{\"@type\":\"ListItem\",\"position\":3,\"name\":\"PRECOLLECTIONS CITY \u2013 MILAN + NY\"}]},{\"@type\":\"WebSite\",\"@id\":\"https:\\\/\\\/aie-mag.com\\\/it\\\/#website\",\"url\":\"https:\\\/\\\/aie-mag.com\\\/it\\\/\",\"name\":\"AIE - Agenzia Italiana di Esportazione\",\"description\":\"Agenzia Italiana di Esportazione\",\"publisher\":{\"@id\":\"https:\\\/\\\/aie-mag.com\\\/it\\\/#organization\"},\"potentialAction\":[{\"@type\":\"SearchAction\",\"target\":{\"@type\":\"EntryPoint\",\"urlTemplate\":\"https:\\\/\\\/aie-mag.com\\\/it\\\/?s={search_term_string}\"},\"query-input\":{\"@type\":\"PropertyValueSpecification\",\"valueRequired\":true,\"valueName\":\"search_term_string\"}}],\"inLanguage\":\"it-IT\"},{\"@type\":\"Organization\",\"@id\":\"https:\\\/\\\/aie-mag.com\\\/it\\\/#organization\",\"name\":\"AIE - Agenzia Italiana di Esportazione\",\"url\":\"https:\\\/\\\/aie-mag.com\\\/it\\\/\",\"logo\":{\"@type\":\"ImageObject\",\"inLanguage\":\"it-IT\",\"@id\":\"https:\\\/\\\/aie-mag.com\\\/it\\\/#\\\/schema\\\/logo\\\/image\\\/\",\"url\":\"https:\\\/\\\/aie-mag.com\\\/wp-content\\\/uploads\\\/2023\\\/03\\\/cropped-Logo-Aie.png\",\"contentUrl\":\"https:\\\/\\\/aie-mag.com\\\/wp-content\\\/uploads\\\/2023\\\/03\\\/cropped-Logo-Aie.png\",\"width\":512,\"height\":342,\"caption\":\"AIE - Agenzia Italiana di Esportazione\"},\"image\":{\"@id\":\"https:\\\/\\\/aie-mag.com\\\/it\\\/#\\\/schema\\\/logo\\\/image\\\/\"}}]}<\/script>\n<!-- \/ Yoast SEO plugin. -->","yoast_head_json":{"title":"PRECOLLECTIONS CITY \u2013 MILAN + NY - AIE - Agenzia Italiana di Esportazione","robots":{"index":"index","follow":"follow","max-snippet":"max-snippet:-1","max-image-preview":"max-image-preview:large","max-video-preview":"max-video-preview:-1"},"canonical":"https:\/\/aie-mag.com\/it\/shop\/fashion\/precollections-city-milan-ny\/","og_locale":"it_IT","og_type":"article","og_title":"PRECOLLECTIONS CITY \u2013 MILAN + NY - AIE - Agenzia Italiana di Esportazione","og_description":"PRECOLLECTIONS CITY \u00e8 la nuova serie di magazine che raccolgono i capi delle pre-collezioni donna delle migliori griffe internazionali suddivisi per citt\u00e0: Milan, Paris, New York &amp; London. Due volte l\u2019anno i fashion designer producono e presentano ai buyer pi\u00f9 importanti una collezione completa denominata appunto pre-collezione perch\u00e9 arriva in anticipo rispetto alla collezione ufficiale. [&hellip;]","og_url":"https:\/\/aie-mag.com\/it\/shop\/fashion\/precollections-city-milan-ny\/","og_site_name":"AIE - Agenzia Italiana di Esportazione","article_modified_time":"2025-11-07T13:40:27+00:00","og_image":[{"width":960,"height":1265,"url":"https:\/\/aie-mag.com\/wp-content\/uploads\/2024\/03\/PRECOLLECTION-MI-NY-1.jpg","type":"image\/jpeg"}],"twitter_card":"summary_large_image","twitter_misc":{"Tempo di lettura stimato":"1 minuto"},"schema":{"@context":"https:\/\/schema.org","@graph":[{"@type":"WebPage","@id":"https:\/\/aie-mag.com\/it\/shop\/fashion\/precollections-city-milan-ny\/","url":"https:\/\/aie-mag.com\/it\/shop\/fashion\/precollections-city-milan-ny\/","name":"PRECOLLECTIONS CITY \u2013 MILAN + NY - AIE - Agenzia Italiana di Esportazione","isPartOf":{"@id":"https:\/\/aie-mag.com\/it\/#website"},"primaryImageOfPage":{"@id":"https:\/\/aie-mag.com\/it\/shop\/fashion\/precollections-city-milan-ny\/#primaryimage"},"image":{"@id":"https:\/\/aie-mag.com\/it\/shop\/fashion\/precollections-city-milan-ny\/#primaryimage"},"thumbnailUrl":"https:\/\/aie-mag.com\/wp-content\/uploads\/2024\/03\/PRECOLLECTION-MI-NY-1.jpg","datePublished":"2024-03-16T10:03:09+00:00","dateModified":"2025-11-07T13:40:27+00:00","breadcrumb":{"@id":"https:\/\/aie-mag.com\/it\/shop\/fashion\/precollections-city-milan-ny\/#breadcrumb"},"inLanguage":"it-IT","potentialAction":[{"@type":"ReadAction","target":["https:\/\/aie-mag.com\/it\/shop\/fashion\/precollections-city-milan-ny\/"]}]},{"@type":"ImageObject","inLanguage":"it-IT","@id":"https:\/\/aie-mag.com\/it\/shop\/fashion\/precollections-city-milan-ny\/#primaryimage","url":"https:\/\/aie-mag.com\/wp-content\/uploads\/2024\/03\/PRECOLLECTION-MI-NY-1.jpg","contentUrl":"https:\/\/aie-mag.com\/wp-content\/uploads\/2024\/03\/PRECOLLECTION-MI-NY-1.jpg","width":960,"height":1265},{"@type":"BreadcrumbList","@id":"https:\/\/aie-mag.com\/it\/shop\/fashion\/precollections-city-milan-ny\/#breadcrumb","itemListElement":[{"@type":"ListItem","position":1,"name":"Home","item":"https:\/\/aie-mag.com\/it\/"},{"@type":"ListItem","position":2,"name":"Catalogo","item":"https:\/\/aie-mag.com\/it\/catalogo\/"},{"@type":"ListItem","position":3,"name":"PRECOLLECTIONS CITY \u2013 MILAN + NY"}]},{"@type":"WebSite","@id":"https:\/\/aie-mag.com\/it\/#website","url":"https:\/\/aie-mag.com\/it\/","name":"AIE - Agenzia Italiana di Esportazione","description":"Agenzia Italiana di Esportazione","publisher":{"@id":"https:\/\/aie-mag.com\/it\/#organization"},"potentialAction":[{"@type":"SearchAction","target":{"@type":"EntryPoint","urlTemplate":"https:\/\/aie-mag.com\/it\/?s={search_term_string}"},"query-input":{"@type":"PropertyValueSpecification","valueRequired":true,"valueName":"search_term_string"}}],"inLanguage":"it-IT"},{"@type":"Organization","@id":"https:\/\/aie-mag.com\/it\/#organization","name":"AIE - Agenzia Italiana di Esportazione","url":"https:\/\/aie-mag.com\/it\/","logo":{"@type":"ImageObject","inLanguage":"it-IT","@id":"https:\/\/aie-mag.com\/it\/#\/schema\/logo\/image\/","url":"https:\/\/aie-mag.com\/wp-content\/uploads\/2023\/03\/cropped-Logo-Aie.png","contentUrl":"https:\/\/aie-mag.com\/wp-content\/uploads\/2023\/03\/cropped-Logo-Aie.png","width":512,"height":342,"caption":"AIE - Agenzia Italiana di Esportazione"},"image":{"@id":"https:\/\/aie-mag.com\/it\/#\/schema\/logo\/image\/"}}]}},"_links":{"self":[{"href":"https:\/\/aie-mag.com\/it\/wp-json\/wp\/v2\/product\/4650","targetHints":{"allow":["GET"]}}],"collection":[{"href":"https:\/\/aie-mag.com\/it\/wp-json\/wp\/v2\/product"}],"about":[{"href":"https:\/\/aie-mag.com\/it\/wp-json\/wp\/v2\/types\/product"}],"version-history":[{"count":1,"href":"https:\/\/aie-mag.com\/it\/wp-json\/wp\/v2\/product\/4650\/revisions"}],"predecessor-version":[{"id":6263,"href":"https:\/\/aie-mag.com\/it\/wp-json\/wp\/v2\/product\/4650\/revisions\/6263"}],"wp:featuredmedia":[{"embeddable":true,"href":"https:\/\/aie-mag.com\/it\/wp-json\/wp\/v2\/media\/6455"}],"wp:attachment":[{"href":"https:\/\/aie-mag.com\/it\/wp-json\/wp\/v2\/media?parent=4650"}],"wp:term":[{"taxonomy":"product_brand","embeddable":true,"href":"https:\/\/aie-mag.com\/it\/wp-json\/wp\/v2\/product_brand?post=4650"},{"taxonomy":"product_cat","embeddable":true,"href":"https:\/\/aie-mag.com\/it\/wp-json\/wp\/v2\/product_cat?post=4650"},{"taxonomy":"product_tag","embeddable":true,"href":"https:\/\/aie-mag.com\/it\/wp-json\/wp\/v2\/product_tag?post=4650"}],"curies":[{"name":"wp","href":"https:\/\/api.w.org\/{rel}","templated":true}]}}