{"id":4615,"date":"2024-02-27T22:28:59","date_gmt":"2024-02-27T22:28:59","guid":{"rendered":"https:\/\/aie-mag.comma3.com\/shop\/senza-categoria\/ddn-design-diffusion-news\/"},"modified":"2025-11-07T13:48:59","modified_gmt":"2025-11-07T13:48:59","slug":"ddn-design-diffusion-news","status":"publish","type":"product","link":"https:\/\/aie-mag.com\/it\/shop\/architecturedesigninterior\/ddn-design-diffusion-news\/","title":{"rendered":"DDN \u2013 DESIGN DIFFUSION NEWS"},"content":{"rendered":"<p>Rivista internazionale sul mondo del progetto a 360 gradi. Si occupa principalmente di design industriale, interior design e delle sue applicazioni nella vita di oggi. Design, significa molto probabilmente dare forma e corpo a un&#8217;idea particolare, con lo scopo di creare qualcosa di bello, utile e pratico nello stesso tempo. Ed ecco che utensili comuni, piccoli elettrodomestici, mobili, TV, hi-fi, cucchiai, rubinetti, ecc., vengono concepiti secondo regole ben precise che sono frutto di accurate ricerche, in modo da produrre l&#8217;oggetto sempre pi\u00f9 confortevole e pratico. Oggi, in un mondo dove il design viene applicato praticamente ad ogni cosa, DDN \u00e8 uno strumento utile per coloro che desiderano conoscere le ultimo novit\u00e0 del settore.<\/p>\n","protected":false},"excerpt":{"rendered":"<p>Rivista internazionale sul mondo del progetto a 360 gradi. Si occupa principalmente di design industriale, interior design e delle sue applicazioni nella vita di oggi. Design, significa molto probabilmente dare forma e corpo a un&#8217;idea particolare, con lo scopo di creare qualcosa di bello, utile e pratico nello stesso tempo. Ed ecco che utensili comuni, [&hellip;]<\/p>\n","protected":false},"featured_media":6478,"template":"","meta":[],"product_brand":[],"product_cat":[91],"product_tag":[],"class_list":{"0":"post-4615","1":"product","2":"type-product","3":"status-publish","4":"has-post-thumbnail","6":"product_cat-architecturedesigninterior","8":"first","9":"instock","10":"shipping-taxable","11":"purchasable","12":"product-type-simple"},"yoast_head":"<!-- This site is optimized with the Yoast SEO plugin v27.3 - https:\/\/yoast.com\/product\/yoast-seo-wordpress\/ -->\n<title>DDN \u2013 DESIGN DIFFUSION NEWS - AIE - Agenzia Italiana di Esportazione<\/title>\n<meta name=\"robots\" content=\"index, follow, max-snippet:-1, max-image-preview:large, max-video-preview:-1\" \/>\n<link rel=\"canonical\" href=\"https:\/\/aie-mag.com\/it\/shop\/architecturedesigninterior\/ddn-design-diffusion-news\/\" \/>\n<meta property=\"og:locale\" content=\"it_IT\" \/>\n<meta property=\"og:type\" content=\"article\" \/>\n<meta property=\"og:title\" content=\"DDN \u2013 DESIGN DIFFUSION NEWS - AIE - Agenzia Italiana di Esportazione\" \/>\n<meta property=\"og:description\" content=\"Rivista internazionale sul mondo del progetto a 360 gradi. Si occupa principalmente di design industriale, interior design e delle sue applicazioni nella vita di oggi. Design, significa molto probabilmente dare forma e corpo a un&#8217;idea particolare, con lo scopo di creare qualcosa di bello, utile e pratico nello stesso tempo. Ed ecco che utensili comuni, [&hellip;]\" \/>\n<meta property=\"og:url\" content=\"https:\/\/aie-mag.com\/it\/shop\/architecturedesigninterior\/ddn-design-diffusion-news\/\" \/>\n<meta property=\"og:site_name\" content=\"AIE - Agenzia Italiana di Esportazione\" \/>\n<meta property=\"article:modified_time\" content=\"2025-11-07T13:48:59+00:00\" \/>\n<meta property=\"og:image\" content=\"https:\/\/aie-mag.com\/wp-content\/uploads\/2024\/02\/DDN-4.jpg\" \/>\n\t<meta property=\"og:image:width\" content=\"960\" \/>\n\t<meta property=\"og:image:height\" content=\"1265\" \/>\n\t<meta property=\"og:image:type\" content=\"image\/jpeg\" \/>\n<meta name=\"twitter:card\" content=\"summary_large_image\" \/>\n<meta name=\"twitter:label1\" content=\"Tempo di lettura stimato\" \/>\n\t<meta name=\"twitter:data1\" content=\"1 minuto\" \/>\n<script type=\"application\/ld+json\" class=\"yoast-schema-graph\">{\"@context\":\"https:\\\/\\\/schema.org\",\"@graph\":[{\"@type\":\"WebPage\",\"@id\":\"https:\\\/\\\/aie-mag.com\\\/it\\\/shop\\\/architecturedesigninterior\\\/ddn-design-diffusion-news\\\/\",\"url\":\"https:\\\/\\\/aie-mag.com\\\/it\\\/shop\\\/architecturedesigninterior\\\/ddn-design-diffusion-news\\\/\",\"name\":\"DDN \u2013 DESIGN DIFFUSION NEWS - AIE - Agenzia Italiana di Esportazione\",\"isPartOf\":{\"@id\":\"https:\\\/\\\/aie-mag.com\\\/it\\\/#website\"},\"primaryImageOfPage\":{\"@id\":\"https:\\\/\\\/aie-mag.com\\\/it\\\/shop\\\/architecturedesigninterior\\\/ddn-design-diffusion-news\\\/#primaryimage\"},\"image\":{\"@id\":\"https:\\\/\\\/aie-mag.com\\\/it\\\/shop\\\/architecturedesigninterior\\\/ddn-design-diffusion-news\\\/#primaryimage\"},\"thumbnailUrl\":\"https:\\\/\\\/aie-mag.com\\\/wp-content\\\/uploads\\\/2024\\\/02\\\/DDN-4.jpg\",\"datePublished\":\"2024-02-27T22:28:59+00:00\",\"dateModified\":\"2025-11-07T13:48:59+00:00\",\"breadcrumb\":{\"@id\":\"https:\\\/\\\/aie-mag.com\\\/it\\\/shop\\\/architecturedesigninterior\\\/ddn-design-diffusion-news\\\/#breadcrumb\"},\"inLanguage\":\"it-IT\",\"potentialAction\":[{\"@type\":\"ReadAction\",\"target\":[\"https:\\\/\\\/aie-mag.com\\\/it\\\/shop\\\/architecturedesigninterior\\\/ddn-design-diffusion-news\\\/\"]}]},{\"@type\":\"ImageObject\",\"inLanguage\":\"it-IT\",\"@id\":\"https:\\\/\\\/aie-mag.com\\\/it\\\/shop\\\/architecturedesigninterior\\\/ddn-design-diffusion-news\\\/#primaryimage\",\"url\":\"https:\\\/\\\/aie-mag.com\\\/wp-content\\\/uploads\\\/2024\\\/02\\\/DDN-4.jpg\",\"contentUrl\":\"https:\\\/\\\/aie-mag.com\\\/wp-content\\\/uploads\\\/2024\\\/02\\\/DDN-4.jpg\",\"width\":960,\"height\":1265},{\"@type\":\"BreadcrumbList\",\"@id\":\"https:\\\/\\\/aie-mag.com\\\/it\\\/shop\\\/architecturedesigninterior\\\/ddn-design-diffusion-news\\\/#breadcrumb\",\"itemListElement\":[{\"@type\":\"ListItem\",\"position\":1,\"name\":\"Home\",\"item\":\"https:\\\/\\\/aie-mag.com\\\/it\\\/\"},{\"@type\":\"ListItem\",\"position\":2,\"name\":\"Catalogo\",\"item\":\"https:\\\/\\\/aie-mag.com\\\/it\\\/catalogo\\\/\"},{\"@type\":\"ListItem\",\"position\":3,\"name\":\"DDN \u2013 DESIGN DIFFUSION NEWS\"}]},{\"@type\":\"WebSite\",\"@id\":\"https:\\\/\\\/aie-mag.com\\\/it\\\/#website\",\"url\":\"https:\\\/\\\/aie-mag.com\\\/it\\\/\",\"name\":\"AIE - Agenzia Italiana di Esportazione\",\"description\":\"Agenzia Italiana di Esportazione\",\"publisher\":{\"@id\":\"https:\\\/\\\/aie-mag.com\\\/it\\\/#organization\"},\"potentialAction\":[{\"@type\":\"SearchAction\",\"target\":{\"@type\":\"EntryPoint\",\"urlTemplate\":\"https:\\\/\\\/aie-mag.com\\\/it\\\/?s={search_term_string}\"},\"query-input\":{\"@type\":\"PropertyValueSpecification\",\"valueRequired\":true,\"valueName\":\"search_term_string\"}}],\"inLanguage\":\"it-IT\"},{\"@type\":\"Organization\",\"@id\":\"https:\\\/\\\/aie-mag.com\\\/it\\\/#organization\",\"name\":\"AIE - Agenzia Italiana di Esportazione\",\"url\":\"https:\\\/\\\/aie-mag.com\\\/it\\\/\",\"logo\":{\"@type\":\"ImageObject\",\"inLanguage\":\"it-IT\",\"@id\":\"https:\\\/\\\/aie-mag.com\\\/it\\\/#\\\/schema\\\/logo\\\/image\\\/\",\"url\":\"https:\\\/\\\/aie-mag.com\\\/wp-content\\\/uploads\\\/2023\\\/03\\\/cropped-Logo-Aie.png\",\"contentUrl\":\"https:\\\/\\\/aie-mag.com\\\/wp-content\\\/uploads\\\/2023\\\/03\\\/cropped-Logo-Aie.png\",\"width\":512,\"height\":342,\"caption\":\"AIE - Agenzia Italiana di Esportazione\"},\"image\":{\"@id\":\"https:\\\/\\\/aie-mag.com\\\/it\\\/#\\\/schema\\\/logo\\\/image\\\/\"}}]}<\/script>\n<!-- \/ Yoast SEO plugin. -->","yoast_head_json":{"title":"DDN \u2013 DESIGN DIFFUSION NEWS - AIE - Agenzia Italiana di Esportazione","robots":{"index":"index","follow":"follow","max-snippet":"max-snippet:-1","max-image-preview":"max-image-preview:large","max-video-preview":"max-video-preview:-1"},"canonical":"https:\/\/aie-mag.com\/it\/shop\/architecturedesigninterior\/ddn-design-diffusion-news\/","og_locale":"it_IT","og_type":"article","og_title":"DDN \u2013 DESIGN DIFFUSION NEWS - AIE - Agenzia Italiana di Esportazione","og_description":"Rivista internazionale sul mondo del progetto a 360 gradi. Si occupa principalmente di design industriale, interior design e delle sue applicazioni nella vita di oggi. Design, significa molto probabilmente dare forma e corpo a un&#8217;idea particolare, con lo scopo di creare qualcosa di bello, utile e pratico nello stesso tempo. Ed ecco che utensili comuni, [&hellip;]","og_url":"https:\/\/aie-mag.com\/it\/shop\/architecturedesigninterior\/ddn-design-diffusion-news\/","og_site_name":"AIE - Agenzia Italiana di Esportazione","article_modified_time":"2025-11-07T13:48:59+00:00","og_image":[{"width":960,"height":1265,"url":"https:\/\/aie-mag.com\/wp-content\/uploads\/2024\/02\/DDN-4.jpg","type":"image\/jpeg"}],"twitter_card":"summary_large_image","twitter_misc":{"Tempo di lettura stimato":"1 minuto"},"schema":{"@context":"https:\/\/schema.org","@graph":[{"@type":"WebPage","@id":"https:\/\/aie-mag.com\/it\/shop\/architecturedesigninterior\/ddn-design-diffusion-news\/","url":"https:\/\/aie-mag.com\/it\/shop\/architecturedesigninterior\/ddn-design-diffusion-news\/","name":"DDN \u2013 DESIGN DIFFUSION NEWS - AIE - Agenzia Italiana di Esportazione","isPartOf":{"@id":"https:\/\/aie-mag.com\/it\/#website"},"primaryImageOfPage":{"@id":"https:\/\/aie-mag.com\/it\/shop\/architecturedesigninterior\/ddn-design-diffusion-news\/#primaryimage"},"image":{"@id":"https:\/\/aie-mag.com\/it\/shop\/architecturedesigninterior\/ddn-design-diffusion-news\/#primaryimage"},"thumbnailUrl":"https:\/\/aie-mag.com\/wp-content\/uploads\/2024\/02\/DDN-4.jpg","datePublished":"2024-02-27T22:28:59+00:00","dateModified":"2025-11-07T13:48:59+00:00","breadcrumb":{"@id":"https:\/\/aie-mag.com\/it\/shop\/architecturedesigninterior\/ddn-design-diffusion-news\/#breadcrumb"},"inLanguage":"it-IT","potentialAction":[{"@type":"ReadAction","target":["https:\/\/aie-mag.com\/it\/shop\/architecturedesigninterior\/ddn-design-diffusion-news\/"]}]},{"@type":"ImageObject","inLanguage":"it-IT","@id":"https:\/\/aie-mag.com\/it\/shop\/architecturedesigninterior\/ddn-design-diffusion-news\/#primaryimage","url":"https:\/\/aie-mag.com\/wp-content\/uploads\/2024\/02\/DDN-4.jpg","contentUrl":"https:\/\/aie-mag.com\/wp-content\/uploads\/2024\/02\/DDN-4.jpg","width":960,"height":1265},{"@type":"BreadcrumbList","@id":"https:\/\/aie-mag.com\/it\/shop\/architecturedesigninterior\/ddn-design-diffusion-news\/#breadcrumb","itemListElement":[{"@type":"ListItem","position":1,"name":"Home","item":"https:\/\/aie-mag.com\/it\/"},{"@type":"ListItem","position":2,"name":"Catalogo","item":"https:\/\/aie-mag.com\/it\/catalogo\/"},{"@type":"ListItem","position":3,"name":"DDN \u2013 DESIGN DIFFUSION NEWS"}]},{"@type":"WebSite","@id":"https:\/\/aie-mag.com\/it\/#website","url":"https:\/\/aie-mag.com\/it\/","name":"AIE - Agenzia Italiana di Esportazione","description":"Agenzia Italiana di Esportazione","publisher":{"@id":"https:\/\/aie-mag.com\/it\/#organization"},"potentialAction":[{"@type":"SearchAction","target":{"@type":"EntryPoint","urlTemplate":"https:\/\/aie-mag.com\/it\/?s={search_term_string}"},"query-input":{"@type":"PropertyValueSpecification","valueRequired":true,"valueName":"search_term_string"}}],"inLanguage":"it-IT"},{"@type":"Organization","@id":"https:\/\/aie-mag.com\/it\/#organization","name":"AIE - Agenzia Italiana di Esportazione","url":"https:\/\/aie-mag.com\/it\/","logo":{"@type":"ImageObject","inLanguage":"it-IT","@id":"https:\/\/aie-mag.com\/it\/#\/schema\/logo\/image\/","url":"https:\/\/aie-mag.com\/wp-content\/uploads\/2023\/03\/cropped-Logo-Aie.png","contentUrl":"https:\/\/aie-mag.com\/wp-content\/uploads\/2023\/03\/cropped-Logo-Aie.png","width":512,"height":342,"caption":"AIE - Agenzia Italiana di Esportazione"},"image":{"@id":"https:\/\/aie-mag.com\/it\/#\/schema\/logo\/image\/"}}]}},"_links":{"self":[{"href":"https:\/\/aie-mag.com\/it\/wp-json\/wp\/v2\/product\/4615","targetHints":{"allow":["GET"]}}],"collection":[{"href":"https:\/\/aie-mag.com\/it\/wp-json\/wp\/v2\/product"}],"about":[{"href":"https:\/\/aie-mag.com\/it\/wp-json\/wp\/v2\/types\/product"}],"version-history":[{"count":1,"href":"https:\/\/aie-mag.com\/it\/wp-json\/wp\/v2\/product\/4615\/revisions"}],"predecessor-version":[{"id":6246,"href":"https:\/\/aie-mag.com\/it\/wp-json\/wp\/v2\/product\/4615\/revisions\/6246"}],"wp:featuredmedia":[{"embeddable":true,"href":"https:\/\/aie-mag.com\/it\/wp-json\/wp\/v2\/media\/6478"}],"wp:attachment":[{"href":"https:\/\/aie-mag.com\/it\/wp-json\/wp\/v2\/media?parent=4615"}],"wp:term":[{"taxonomy":"product_brand","embeddable":true,"href":"https:\/\/aie-mag.com\/it\/wp-json\/wp\/v2\/product_brand?post=4615"},{"taxonomy":"product_cat","embeddable":true,"href":"https:\/\/aie-mag.com\/it\/wp-json\/wp\/v2\/product_cat?post=4615"},{"taxonomy":"product_tag","embeddable":true,"href":"https:\/\/aie-mag.com\/it\/wp-json\/wp\/v2\/product_tag?post=4615"}],"curies":[{"name":"wp","href":"https:\/\/api.w.org\/{rel}","templated":true}]}}