{"id":4506,"date":"2024-02-10T23:19:47","date_gmt":"2024-02-10T23:19:47","guid":{"rendered":"https:\/\/aie-mag.comma3.com\/shop\/senza-categoria\/ad-architectural-digest\/"},"modified":"2025-11-07T13:46:00","modified_gmt":"2025-11-07T13:46:00","slug":"ad-architectural-digest","status":"publish","type":"product","link":"https:\/\/aie-mag.com\/it\/shop\/architecturedesigninterior\/ad-architectural-digest\/","title":{"rendered":"AD \u2013 ARCHITECTURAL DIGEST"},"content":{"rendered":"<p>Il pi\u00f9 diffuso mensile di ambienti e design. Nasce dall&#8217;esperienza di Architectural Digest la testata americana leader nei Paesi di lingua inglese.<br \/>\nIl tema centrale \u00e8 la descrizione dell&#8217;arredamento, degli interni delle abitazioni pi\u00f9 interessanti ed eleganti in tutto il mondo.<br \/>\nL&#8217;accento \u00e8 sulle case realmente abitate, sulle scelte estetiche e funzionali di chi ci vive.<br \/>\nInoltre ogni numero propone grandi servizi a colori dedicati all&#8217;architettura, ai giardini, all&#8217;arte antica e moderna e all&#8217;antiquariato.<br \/>\nSupplementi speciali o speciali sezioni all&#8217;inizio e alla fine della rivista, firmate da prestigiosi collaboratori, sviluppano i temi pi\u00f9 interessanti dell&#8217;abitare: dal design alle mode della produzione, dalle novit\u00e0 dell&#8217;arredamento al mercato dell&#8217;arte.<\/p>\n","protected":false},"excerpt":{"rendered":"<p>Il pi\u00f9 diffuso mensile di ambienti e design. Nasce dall&#8217;esperienza di Architectural Digest la testata americana leader nei Paesi di lingua inglese. Il tema centrale \u00e8 la descrizione dell&#8217;arredamento, degli interni delle abitazioni pi\u00f9 interessanti ed eleganti in tutto il mondo. L&#8217;accento \u00e8 sulle case realmente abitate, sulle scelte estetiche e funzionali di chi ci [&hellip;]<\/p>\n","protected":false},"featured_media":6472,"template":"","meta":[],"product_brand":[],"product_cat":[91],"product_tag":[],"class_list":{"0":"post-4506","1":"product","2":"type-product","3":"status-publish","4":"has-post-thumbnail","6":"product_cat-architecturedesigninterior","8":"first","9":"instock","10":"shipping-taxable","11":"purchasable","12":"product-type-simple"},"yoast_head":"<!-- This site is optimized with the Yoast SEO plugin v27.3 - https:\/\/yoast.com\/product\/yoast-seo-wordpress\/ -->\n<title>AD \u2013 ARCHITECTURAL DIGEST - AIE - Agenzia Italiana di Esportazione<\/title>\n<meta name=\"robots\" content=\"index, follow, max-snippet:-1, max-image-preview:large, max-video-preview:-1\" \/>\n<link rel=\"canonical\" href=\"https:\/\/aie-mag.com\/it\/shop\/architecturedesigninterior\/ad-architectural-digest\/\" \/>\n<meta property=\"og:locale\" content=\"it_IT\" \/>\n<meta property=\"og:type\" content=\"article\" \/>\n<meta property=\"og:title\" content=\"AD \u2013 ARCHITECTURAL DIGEST - AIE - Agenzia Italiana di Esportazione\" \/>\n<meta property=\"og:description\" content=\"Il pi\u00f9 diffuso mensile di ambienti e design. Nasce dall&#8217;esperienza di Architectural Digest la testata americana leader nei Paesi di lingua inglese. Il tema centrale \u00e8 la descrizione dell&#8217;arredamento, degli interni delle abitazioni pi\u00f9 interessanti ed eleganti in tutto il mondo. L&#8217;accento \u00e8 sulle case realmente abitate, sulle scelte estetiche e funzionali di chi ci [&hellip;]\" \/>\n<meta property=\"og:url\" content=\"https:\/\/aie-mag.com\/it\/shop\/architecturedesigninterior\/ad-architectural-digest\/\" \/>\n<meta property=\"og:site_name\" content=\"AIE - Agenzia Italiana di Esportazione\" \/>\n<meta property=\"article:modified_time\" content=\"2025-11-07T13:46:00+00:00\" \/>\n<meta property=\"og:image\" content=\"https:\/\/aie-mag.com\/wp-content\/uploads\/2024\/02\/AD-5.jpg\" \/>\n\t<meta property=\"og:image:width\" content=\"960\" \/>\n\t<meta property=\"og:image:height\" content=\"1265\" \/>\n\t<meta property=\"og:image:type\" content=\"image\/jpeg\" \/>\n<meta name=\"twitter:card\" content=\"summary_large_image\" \/>\n<meta name=\"twitter:label1\" content=\"Tempo di lettura stimato\" \/>\n\t<meta name=\"twitter:data1\" content=\"1 minuto\" \/>\n<script type=\"application\/ld+json\" class=\"yoast-schema-graph\">{\"@context\":\"https:\\\/\\\/schema.org\",\"@graph\":[{\"@type\":\"WebPage\",\"@id\":\"https:\\\/\\\/aie-mag.com\\\/it\\\/shop\\\/architecturedesigninterior\\\/ad-architectural-digest\\\/\",\"url\":\"https:\\\/\\\/aie-mag.com\\\/it\\\/shop\\\/architecturedesigninterior\\\/ad-architectural-digest\\\/\",\"name\":\"AD \u2013 ARCHITECTURAL DIGEST - AIE - Agenzia Italiana di Esportazione\",\"isPartOf\":{\"@id\":\"https:\\\/\\\/aie-mag.com\\\/it\\\/#website\"},\"primaryImageOfPage\":{\"@id\":\"https:\\\/\\\/aie-mag.com\\\/it\\\/shop\\\/architecturedesigninterior\\\/ad-architectural-digest\\\/#primaryimage\"},\"image\":{\"@id\":\"https:\\\/\\\/aie-mag.com\\\/it\\\/shop\\\/architecturedesigninterior\\\/ad-architectural-digest\\\/#primaryimage\"},\"thumbnailUrl\":\"https:\\\/\\\/aie-mag.com\\\/wp-content\\\/uploads\\\/2024\\\/02\\\/AD-5.jpg\",\"datePublished\":\"2024-02-10T23:19:47+00:00\",\"dateModified\":\"2025-11-07T13:46:00+00:00\",\"breadcrumb\":{\"@id\":\"https:\\\/\\\/aie-mag.com\\\/it\\\/shop\\\/architecturedesigninterior\\\/ad-architectural-digest\\\/#breadcrumb\"},\"inLanguage\":\"it-IT\",\"potentialAction\":[{\"@type\":\"ReadAction\",\"target\":[\"https:\\\/\\\/aie-mag.com\\\/it\\\/shop\\\/architecturedesigninterior\\\/ad-architectural-digest\\\/\"]}]},{\"@type\":\"ImageObject\",\"inLanguage\":\"it-IT\",\"@id\":\"https:\\\/\\\/aie-mag.com\\\/it\\\/shop\\\/architecturedesigninterior\\\/ad-architectural-digest\\\/#primaryimage\",\"url\":\"https:\\\/\\\/aie-mag.com\\\/wp-content\\\/uploads\\\/2024\\\/02\\\/AD-5.jpg\",\"contentUrl\":\"https:\\\/\\\/aie-mag.com\\\/wp-content\\\/uploads\\\/2024\\\/02\\\/AD-5.jpg\",\"width\":960,\"height\":1265},{\"@type\":\"BreadcrumbList\",\"@id\":\"https:\\\/\\\/aie-mag.com\\\/it\\\/shop\\\/architecturedesigninterior\\\/ad-architectural-digest\\\/#breadcrumb\",\"itemListElement\":[{\"@type\":\"ListItem\",\"position\":1,\"name\":\"Home\",\"item\":\"https:\\\/\\\/aie-mag.com\\\/it\\\/\"},{\"@type\":\"ListItem\",\"position\":2,\"name\":\"Catalogo\",\"item\":\"https:\\\/\\\/aie-mag.com\\\/it\\\/catalogo\\\/\"},{\"@type\":\"ListItem\",\"position\":3,\"name\":\"AD \u2013 ARCHITECTURAL DIGEST\"}]},{\"@type\":\"WebSite\",\"@id\":\"https:\\\/\\\/aie-mag.com\\\/it\\\/#website\",\"url\":\"https:\\\/\\\/aie-mag.com\\\/it\\\/\",\"name\":\"AIE - Agenzia Italiana di Esportazione\",\"description\":\"Agenzia Italiana di Esportazione\",\"publisher\":{\"@id\":\"https:\\\/\\\/aie-mag.com\\\/it\\\/#organization\"},\"potentialAction\":[{\"@type\":\"SearchAction\",\"target\":{\"@type\":\"EntryPoint\",\"urlTemplate\":\"https:\\\/\\\/aie-mag.com\\\/it\\\/?s={search_term_string}\"},\"query-input\":{\"@type\":\"PropertyValueSpecification\",\"valueRequired\":true,\"valueName\":\"search_term_string\"}}],\"inLanguage\":\"it-IT\"},{\"@type\":\"Organization\",\"@id\":\"https:\\\/\\\/aie-mag.com\\\/it\\\/#organization\",\"name\":\"AIE - Agenzia Italiana di Esportazione\",\"url\":\"https:\\\/\\\/aie-mag.com\\\/it\\\/\",\"logo\":{\"@type\":\"ImageObject\",\"inLanguage\":\"it-IT\",\"@id\":\"https:\\\/\\\/aie-mag.com\\\/it\\\/#\\\/schema\\\/logo\\\/image\\\/\",\"url\":\"https:\\\/\\\/aie-mag.com\\\/wp-content\\\/uploads\\\/2023\\\/03\\\/cropped-Logo-Aie.png\",\"contentUrl\":\"https:\\\/\\\/aie-mag.com\\\/wp-content\\\/uploads\\\/2023\\\/03\\\/cropped-Logo-Aie.png\",\"width\":512,\"height\":342,\"caption\":\"AIE - Agenzia Italiana di Esportazione\"},\"image\":{\"@id\":\"https:\\\/\\\/aie-mag.com\\\/it\\\/#\\\/schema\\\/logo\\\/image\\\/\"}}]}<\/script>\n<!-- \/ Yoast SEO plugin. -->","yoast_head_json":{"title":"AD \u2013 ARCHITECTURAL DIGEST - AIE - Agenzia Italiana di Esportazione","robots":{"index":"index","follow":"follow","max-snippet":"max-snippet:-1","max-image-preview":"max-image-preview:large","max-video-preview":"max-video-preview:-1"},"canonical":"https:\/\/aie-mag.com\/it\/shop\/architecturedesigninterior\/ad-architectural-digest\/","og_locale":"it_IT","og_type":"article","og_title":"AD \u2013 ARCHITECTURAL DIGEST - AIE - Agenzia Italiana di Esportazione","og_description":"Il pi\u00f9 diffuso mensile di ambienti e design. Nasce dall&#8217;esperienza di Architectural Digest la testata americana leader nei Paesi di lingua inglese. Il tema centrale \u00e8 la descrizione dell&#8217;arredamento, degli interni delle abitazioni pi\u00f9 interessanti ed eleganti in tutto il mondo. L&#8217;accento \u00e8 sulle case realmente abitate, sulle scelte estetiche e funzionali di chi ci [&hellip;]","og_url":"https:\/\/aie-mag.com\/it\/shop\/architecturedesigninterior\/ad-architectural-digest\/","og_site_name":"AIE - Agenzia Italiana di Esportazione","article_modified_time":"2025-11-07T13:46:00+00:00","og_image":[{"width":960,"height":1265,"url":"https:\/\/aie-mag.com\/wp-content\/uploads\/2024\/02\/AD-5.jpg","type":"image\/jpeg"}],"twitter_card":"summary_large_image","twitter_misc":{"Tempo di lettura stimato":"1 minuto"},"schema":{"@context":"https:\/\/schema.org","@graph":[{"@type":"WebPage","@id":"https:\/\/aie-mag.com\/it\/shop\/architecturedesigninterior\/ad-architectural-digest\/","url":"https:\/\/aie-mag.com\/it\/shop\/architecturedesigninterior\/ad-architectural-digest\/","name":"AD \u2013 ARCHITECTURAL DIGEST - AIE - Agenzia Italiana di Esportazione","isPartOf":{"@id":"https:\/\/aie-mag.com\/it\/#website"},"primaryImageOfPage":{"@id":"https:\/\/aie-mag.com\/it\/shop\/architecturedesigninterior\/ad-architectural-digest\/#primaryimage"},"image":{"@id":"https:\/\/aie-mag.com\/it\/shop\/architecturedesigninterior\/ad-architectural-digest\/#primaryimage"},"thumbnailUrl":"https:\/\/aie-mag.com\/wp-content\/uploads\/2024\/02\/AD-5.jpg","datePublished":"2024-02-10T23:19:47+00:00","dateModified":"2025-11-07T13:46:00+00:00","breadcrumb":{"@id":"https:\/\/aie-mag.com\/it\/shop\/architecturedesigninterior\/ad-architectural-digest\/#breadcrumb"},"inLanguage":"it-IT","potentialAction":[{"@type":"ReadAction","target":["https:\/\/aie-mag.com\/it\/shop\/architecturedesigninterior\/ad-architectural-digest\/"]}]},{"@type":"ImageObject","inLanguage":"it-IT","@id":"https:\/\/aie-mag.com\/it\/shop\/architecturedesigninterior\/ad-architectural-digest\/#primaryimage","url":"https:\/\/aie-mag.com\/wp-content\/uploads\/2024\/02\/AD-5.jpg","contentUrl":"https:\/\/aie-mag.com\/wp-content\/uploads\/2024\/02\/AD-5.jpg","width":960,"height":1265},{"@type":"BreadcrumbList","@id":"https:\/\/aie-mag.com\/it\/shop\/architecturedesigninterior\/ad-architectural-digest\/#breadcrumb","itemListElement":[{"@type":"ListItem","position":1,"name":"Home","item":"https:\/\/aie-mag.com\/it\/"},{"@type":"ListItem","position":2,"name":"Catalogo","item":"https:\/\/aie-mag.com\/it\/catalogo\/"},{"@type":"ListItem","position":3,"name":"AD \u2013 ARCHITECTURAL DIGEST"}]},{"@type":"WebSite","@id":"https:\/\/aie-mag.com\/it\/#website","url":"https:\/\/aie-mag.com\/it\/","name":"AIE - Agenzia Italiana di Esportazione","description":"Agenzia Italiana di Esportazione","publisher":{"@id":"https:\/\/aie-mag.com\/it\/#organization"},"potentialAction":[{"@type":"SearchAction","target":{"@type":"EntryPoint","urlTemplate":"https:\/\/aie-mag.com\/it\/?s={search_term_string}"},"query-input":{"@type":"PropertyValueSpecification","valueRequired":true,"valueName":"search_term_string"}}],"inLanguage":"it-IT"},{"@type":"Organization","@id":"https:\/\/aie-mag.com\/it\/#organization","name":"AIE - Agenzia Italiana di Esportazione","url":"https:\/\/aie-mag.com\/it\/","logo":{"@type":"ImageObject","inLanguage":"it-IT","@id":"https:\/\/aie-mag.com\/it\/#\/schema\/logo\/image\/","url":"https:\/\/aie-mag.com\/wp-content\/uploads\/2023\/03\/cropped-Logo-Aie.png","contentUrl":"https:\/\/aie-mag.com\/wp-content\/uploads\/2023\/03\/cropped-Logo-Aie.png","width":512,"height":342,"caption":"AIE - Agenzia Italiana di Esportazione"},"image":{"@id":"https:\/\/aie-mag.com\/it\/#\/schema\/logo\/image\/"}}]}},"_links":{"self":[{"href":"https:\/\/aie-mag.com\/it\/wp-json\/wp\/v2\/product\/4506","targetHints":{"allow":["GET"]}}],"collection":[{"href":"https:\/\/aie-mag.com\/it\/wp-json\/wp\/v2\/product"}],"about":[{"href":"https:\/\/aie-mag.com\/it\/wp-json\/wp\/v2\/types\/product"}],"version-history":[{"count":1,"href":"https:\/\/aie-mag.com\/it\/wp-json\/wp\/v2\/product\/4506\/revisions"}],"predecessor-version":[{"id":5585,"href":"https:\/\/aie-mag.com\/it\/wp-json\/wp\/v2\/product\/4506\/revisions\/5585"}],"wp:featuredmedia":[{"embeddable":true,"href":"https:\/\/aie-mag.com\/it\/wp-json\/wp\/v2\/media\/6472"}],"wp:attachment":[{"href":"https:\/\/aie-mag.com\/it\/wp-json\/wp\/v2\/media?parent=4506"}],"wp:term":[{"taxonomy":"product_brand","embeddable":true,"href":"https:\/\/aie-mag.com\/it\/wp-json\/wp\/v2\/product_brand?post=4506"},{"taxonomy":"product_cat","embeddable":true,"href":"https:\/\/aie-mag.com\/it\/wp-json\/wp\/v2\/product_cat?post=4506"},{"taxonomy":"product_tag","embeddable":true,"href":"https:\/\/aie-mag.com\/it\/wp-json\/wp\/v2\/product_tag?post=4506"}],"curies":[{"name":"wp","href":"https:\/\/api.w.org\/{rel}","templated":true}]}}